{"id":691,"date":"2026-04-27T18:20:20","date_gmt":"2026-04-27T18:20:20","guid":{"rendered":"https:\/\/bookreviewstudiopro.com\/?page_id=691"},"modified":"2026-05-06T11:52:10","modified_gmt":"2026-05-06T11:52:10","slug":"servicios-editoriales","status":"publish","type":"page","link":"https:\/\/bookreviewstudiopro.com\/en\/servicios-editoriales\/","title":{"rendered":"Servicios Editoriales"},"content":{"rendered":"<div class=\"wp-block-group alignfull is-style-ext-preset--group--natural-1--section has-background-background-color has-background has-global-padding is-layout-constrained wp-container-core-group-is-layout-e955bbaf wp-block-group-is-layout-constrained\" style=\"margin-top:0;margin-bottom:0;padding-top:var(--wp--preset--spacing--70);padding-bottom:var(--wp--preset--spacing--70)\">\n<h2 class=\"wp-block-heading has-text-align-center ext-animate--on\">\u00bfQuieres publicar tu libro con nosotros?<\/h2>\n\n\n\n<p class=\"has-text-align-center ext-animate--on\" style=\"margin-top:1.5rem\">Te ofrecemos todos los servicios editoriales para que puedas lanzar al mundo tu libro con \u00e9xito.<\/p>\n\n\n\n<div class=\"wp-block-columns alignwide is-layout-flex wp-container-core-columns-is-layout-08c01c1c wp-block-columns-is-layout-flex\">\n<div class=\"wp-block-column is-vertically-aligned-stretch ext-animate--on is-layout-flow wp-container-core-column-is-layout-f5bb311e wp-block-column-is-layout-flow\">\n<div class=\"wp-block-group is-style-ext-preset--group--natural-1--item-card-1--align-center has-global-padding is-layout-constrained wp-block-group-is-layout-constrained is-style-ext-preset--group--natural-1--item-card-1--align-center--2\">\n<figure class=\"wp-block-image aligncenter size-full is-resized ext-aspect-landscape\"><img loading=\"lazy\" decoding=\"async\" width=\"750\" height=\"450\" src=\"https:\/\/bookreviewstudiopro.com\/wp-content\/uploads\/2026\/04\/tipos-de-correccion-de-textos.jpg\" alt=\"\" class=\"wp-image-710\" style=\"aspect-ratio:1.3333333333333333;object-fit:cover;width:395px;height:auto\" srcset=\"https:\/\/bookreviewstudiopro.com\/wp-content\/uploads\/2026\/04\/tipos-de-correccion-de-textos.jpg 750w, https:\/\/bookreviewstudiopro.com\/wp-content\/uploads\/2026\/04\/tipos-de-correccion-de-textos-300x180.jpg 300w, https:\/\/bookreviewstudiopro.com\/wp-content\/uploads\/2026\/04\/tipos-de-correccion-de-textos-18x12.jpg 18w\" sizes=\"auto, (max-width: 750px) 100vw, 750px\" \/><\/figure>\n\n\n\n<div class=\"wp-block-group is-style-default has-global-padding is-layout-constrained wp-block-group-is-layout-constrained\">\n<h3 class=\"wp-block-heading has-text-align-center\"><mark style=\"background-color:rgba(0, 0, 0, 0)\" class=\"has-inline-color has-secondary-color\">Correcci\u00f3n de Texto <\/mark><\/h3>\n\n\n\n<p class=\"has-text-align-left\">Un manuscrito no solo cuenta una historia: define tu voz como autor, la calidad de tu trabajo literario y debe estar completamente libre de&nbsp;<strong>erratas<\/strong>,&nbsp;<strong>errores ortogr\u00e1ficos<\/strong>,&nbsp;<strong>incoherencias<\/strong>, fallos&nbsp;<strong>l\u00e9xicos<\/strong>&nbsp;y problemas&nbsp;<strong>sem\u00e1nticos<\/strong>, ya que cualquier detalle puede afectar a la&nbsp;<strong>experiencia de lectura<\/strong>, a la&nbsp;<strong>credibilidad del autor<\/strong>&nbsp;y a las opciones de publicaci\u00f3n.<\/p>\n\n\n\n<p>En Book Review Studio PRO ofrecemos un servicio de correcci\u00f3n de textos especializado, pensado para autores, editoriales y proyectos de autopublicaci\u00f3n.<\/p>\n\n\n\n<p>\u00bfPor qu\u00e9 es importante corregir un texto de forma profesional?<\/p>\n\n\n\n<p class=\"has-text-align-center\">Es muy habitual que un autor no detecte todos los errores de su propio manuscrito. Despu\u00e9s de escribirlo y revisarlo muchas veces, el texto se vuelve \u201cdemasiado familiar\u201d, y es f\u00e1cil pasar por alto fallos. La correcci\u00f3n profesional asegura que tu obra est\u00e9 realmente lista para publicarse.<\/p>\n<\/div>\n<\/div>\n<\/div>\n\n\n\n<div class=\"wp-block-column is-vertically-aligned-stretch ext-animate--on is-layout-flow wp-container-core-column-is-layout-f5bb311e wp-block-column-is-layout-flow\">\n<div class=\"wp-block-group is-style-ext-preset--group--natural-1--item-card-1--align-center has-global-padding is-layout-constrained wp-block-group-is-layout-constrained is-style-ext-preset--group--natural-1--item-card-1--align-center--3\">\n<figure class=\"wp-block-image aligncenter size-full is-resized ext-aspect-landscape\"><img loading=\"lazy\" decoding=\"async\" width=\"800\" height=\"450\" src=\"https:\/\/bookreviewstudiopro.com\/wp-content\/uploads\/2026\/04\/diseno-editorial-800x450.width-1200.format-webp.webp\" alt=\"\" class=\"wp-image-709\" style=\"aspect-ratio:1.3333333333333333;object-fit:cover;width:395px;height:auto\"\/><\/figure>\n\n\n\n<div class=\"wp-block-group is-style-default has-global-padding is-layout-constrained wp-block-group-is-layout-constrained\">\n<h3 class=\"wp-block-heading has-text-align-center\"><mark style=\"background-color:rgba(0, 0, 0, 0)\" class=\"has-inline-color has-secondary-color\">Maquetaci\u00f3n y Dise\u00f1o Editorial<\/mark><\/h3>\n\n\n\n<p class=\"has-text-align-center\">Dise\u00f1amos el formato ideal para tu libro, optimizando la presentaci\u00f3n y la experiencia de lectura.<\/p>\n\n\n\n<p>La <strong>maquetaci\u00f3n de libros<\/strong> y el <strong>dise\u00f1o editorial profesional<\/strong> son pasos clave para conseguir una publicaci\u00f3n cuidada, legible y lista para el mercado. Adaptamos cada proyecto a su formato final, <strong>tanto para impresi\u00f3n de libros como para plataformas digitales como Amazon Kindle (KDP), Apple Books y Google Play Books.<\/strong><\/p>\n\n\n\n<p>Una <strong>maquetaci\u00f3n de calidad profesional<\/strong> no solo mejora la est\u00e9tica del libro, sino que tambi\u00e9n influye en la percepci\u00f3n del lector y en la competitividad del t\u00edtulo en el mercado editorial.<\/p>\n\n\n\n<p>Tanto si vas a imprimir tu libro como si vas a publicarlo en plataformas digitales, el dise\u00f1o interior y su portada es clave para lograr un resultado profesional.<\/p>\n\n\n\n<p>En Book Review Studio PRO convertimos tu manuscrito en un libro listo para publicar, con un acabado editorial adaptado a est\u00e1ndares de impresi\u00f3n y distribuci\u00f3n digital internacional.<\/p>\n<\/div>\n<\/div>\n<\/div>\n\n\n\n<div class=\"wp-block-column is-vertically-aligned-stretch ext-animate--on is-layout-flow wp-container-core-column-is-layout-f5bb311e wp-block-column-is-layout-flow\">\n<div class=\"wp-block-group is-style-ext-preset--group--natural-1--item-card-1--align-center has-global-padding is-layout-constrained wp-block-group-is-layout-constrained is-style-ext-preset--group--natural-1--item-card-1--align-center--4\">\n<figure class=\"wp-block-image aligncenter size-full ext-aspect-landscape\"><img loading=\"lazy\" decoding=\"async\" width=\"800\" height=\"533\" src=\"https:\/\/bookreviewstudiopro.com\/wp-content\/uploads\/2026\/04\/empleo-de-traductor-2.webp\" alt=\"\" class=\"wp-image-711\" style=\"aspect-ratio:4\/3;object-fit:cover\"\/><\/figure>\n\n\n\n<div class=\"wp-block-group is-style-default has-global-padding is-layout-constrained wp-block-group-is-layout-constrained\">\n<h3 class=\"wp-block-heading\"><mark style=\"background-color:rgba(0, 0, 0, 0)\" class=\"has-inline-color has-secondary-color\">Traducci\u00f3n literaria<\/mark><\/h3>\n\n\n\n<p class=\"has-text-align-center\"><strong>Traducci\u00f3n literaria de alta calidad.<\/strong><br>Traducir un libro no es solo convertir palabras de un idioma a otro. Nuestro equipo trabaja la traducci\u00f3n literaria cuidando el estilo, la voz del autor y la intenci\u00f3n narrativa, garantizando un resultado natural y fiel a la obra original. <\/p>\n\n\n\n<p><strong>Adaptaci\u00f3n cultural y coherencia narrativa<\/strong><br>Cada idioma y cultura tiene matices propios. Por eso, realizamos una localizaci\u00f3n completa del manuscrito, ajustando expresiones, referencias culturales y tono para que el lector final tenga una experiencia aut\u00e9ntica y fluida.<\/p>\n\n\n\n<p><strong>Correcci\u00f3n y revisi\u00f3n incluidas<\/strong><br>Nuestro servicio incluye procesos de revisi\u00f3n ling\u00fc\u00edstica y correcci\u00f3n de estilo para asegurar la m\u00e1xima calidad del texto traducido. Entregamos manuscritos listos para publicaci\u00f3n, tanto en formato digital como impreso.<\/p>\n\n\n\n<p>Solicita tu presupuesto y empieza a internacionalizar tu obra hoy mismo.<\/p>\n<\/div>\n<\/div>\n<\/div>\n<\/div>\n\n\n\n<div class=\"wp-block-columns alignwide is-layout-flex wp-container-core-columns-is-layout-08c01c1c wp-block-columns-is-layout-flex\">\n<div class=\"wp-block-column is-vertically-aligned-stretch ext-animate--on is-layout-flow wp-container-core-column-is-layout-f5bb311e wp-block-column-is-layout-flow\">\n<div class=\"wp-block-group is-style-ext-preset--group--natural-1--item-card-1--align-center has-global-padding is-layout-constrained wp-block-group-is-layout-constrained is-style-ext-preset--group--natural-1--item-card-1--align-center--5\">\n<figure class=\"wp-block-image aligncenter size-large ext-aspect-landscape\"><img loading=\"lazy\" decoding=\"async\" width=\"1024\" height=\"648\" src=\"https:\/\/bookreviewstudiopro.com\/wp-content\/uploads\/2026\/03\/banner-manuscrito-penguinrandomhousegrupoeditorial-1024x648.jpg\" alt=\"\" class=\"wp-image-329\" style=\"aspect-ratio:4\/3;object-fit:cover\" srcset=\"https:\/\/bookreviewstudiopro.com\/wp-content\/uploads\/2026\/03\/banner-manuscrito-penguinrandomhousegrupoeditorial-1024x648.jpg 1024w, https:\/\/bookreviewstudiopro.com\/wp-content\/uploads\/2026\/03\/banner-manuscrito-penguinrandomhousegrupoeditorial-300x190.jpg 300w, https:\/\/bookreviewstudiopro.com\/wp-content\/uploads\/2026\/03\/banner-manuscrito-penguinrandomhousegrupoeditorial-768x486.jpg 768w, https:\/\/bookreviewstudiopro.com\/wp-content\/uploads\/2026\/03\/banner-manuscrito-penguinrandomhousegrupoeditorial-18x12.jpg 18w, https:\/\/bookreviewstudiopro.com\/wp-content\/uploads\/2026\/03\/banner-manuscrito-penguinrandomhousegrupoeditorial.jpg 1440w\" sizes=\"auto, (max-width: 1024px) 100vw, 1024px\" \/><\/figure>\n\n\n\n<div class=\"wp-block-group is-style-default has-global-padding is-layout-constrained wp-block-group-is-layout-constrained\">\n<h3 class=\"wp-block-heading has-text-align-center\"><mark style=\"background-color:rgba(0, 0, 0, 0)\" class=\"has-inline-color has-secondary-color\">Informes de Lectura<\/mark><\/h3>\n\n\n\n<p class=\"has-text-align-center\">El <strong>informe de lectura<\/strong> es una herramienta clave para cualquier escritor que quiera mejorar su obra antes de enviarla a editoriales o publicarla. En Book Review Studio PRO leemos tu manuscrito con mirada profesional y te ofrecemos un an\u00e1lisis honesto, claro y constructivo sobre su calidad literaria.<\/p>\n\n\n\n<p>An\u00e1lisis profesional de tu manuscrito<\/p>\n\n\n\n<p class=\"has-text-align-center\">Realizamos una lectura completa de tu obra para evaluar sus principales aspectos narrativos y estructurales. El objetivo es ayudarte a entender c\u00f3mo se percibe tu texto desde el punto de vista editorial y del lector.<\/p>\n\n\n\n<p>Mejora tu manuscrito antes de publicarlo<\/p>\n\n\n\n<p>Un <strong>informe de lectura profesional<\/strong> te permite conocer el verdadero potencial de tu obra y trabajar en ella con una visi\u00f3n externa experta. <\/p>\n\n\n\n<p>Es el primer paso para transformar un  manuscrito en un libro listo para el mercado editorial.<\/p>\n<\/div>\n<\/div>\n<\/div>\n\n\n\n<div class=\"wp-block-column is-vertically-aligned-stretch ext-animate--on is-layout-flow wp-container-core-column-is-layout-f5bb311e wp-block-column-is-layout-flow\">\n<div class=\"wp-block-group is-style-ext-preset--group--natural-1--item-card-1--align-center has-global-padding is-layout-constrained wp-block-group-is-layout-constrained is-style-ext-preset--group--natural-1--item-card-1--align-center--6\">\n<figure class=\"wp-block-image aligncenter size-full is-resized ext-aspect-landscape\"><img loading=\"lazy\" decoding=\"async\" width=\"950\" height=\"534\" src=\"https:\/\/bookreviewstudiopro.com\/wp-content\/uploads\/2026\/04\/plan-de-reuniC3B3n-del-equipo-del-editor-para-el-equipo-de-ediciC3B3n-de-revistas-creativa-en-la.jpg_s1024x1024wisk20cjiUK8EZ9T2h7ptnMQxCyOCQKuaWTzs0YOkXClhBcS7c.jpg\" alt=\"\" class=\"wp-image-713\" style=\"aspect-ratio:1.3333333333333333;object-fit:cover;width:395px;height:auto\" srcset=\"https:\/\/bookreviewstudiopro.com\/wp-content\/uploads\/2026\/04\/plan-de-reuniC3B3n-del-equipo-del-editor-para-el-equipo-de-ediciC3B3n-de-revistas-creativa-en-la.jpg_s1024x1024wisk20cjiUK8EZ9T2h7ptnMQxCyOCQKuaWTzs0YOkXClhBcS7c.jpg 950w, https:\/\/bookreviewstudiopro.com\/wp-content\/uploads\/2026\/04\/plan-de-reuniC3B3n-del-equipo-del-editor-para-el-equipo-de-ediciC3B3n-de-revistas-creativa-en-la.jpg_s1024x1024wisk20cjiUK8EZ9T2h7ptnMQxCyOCQKuaWTzs0YOkXClhBcS7c-300x169.jpg 300w, https:\/\/bookreviewstudiopro.com\/wp-content\/uploads\/2026\/04\/plan-de-reuniC3B3n-del-equipo-del-editor-para-el-equipo-de-ediciC3B3n-de-revistas-creativa-en-la.jpg_s1024x1024wisk20cjiUK8EZ9T2h7ptnMQxCyOCQKuaWTzs0YOkXClhBcS7c-768x432.jpg 768w, https:\/\/bookreviewstudiopro.com\/wp-content\/uploads\/2026\/04\/plan-de-reuniC3B3n-del-equipo-del-editor-para-el-equipo-de-ediciC3B3n-de-revistas-creativa-en-la.jpg_s1024x1024wisk20cjiUK8EZ9T2h7ptnMQxCyOCQKuaWTzs0YOkXClhBcS7c-18x10.jpg 18w\" sizes=\"auto, (max-width: 950px) 100vw, 950px\" \/><\/figure>\n\n\n\n<div class=\"wp-block-group is-style-default has-global-padding is-layout-constrained wp-block-group-is-layout-constrained\">\n<h3 class=\"wp-block-heading has-text-align-center\"><mark style=\"background-color:rgba(0, 0, 0, 0)\" class=\"has-inline-color has-secondary-color\">Asesor\u00eda Editorial<\/mark><\/h3>\n\n\n\n<p class=\"has-text-align-center\">Acompa\u00f1amiento editorial para autores \u00bfTienes un manuscrito y no sabes si est\u00e1 listo? \u00bfO no tienes claro qu\u00e9 hacer con \u00e9l una vez terminado?<\/p>\n\n\n\n<p class=\"has-text-align-center\">La <strong>asesor\u00eda editorial<\/strong> est\u00e1 pensada para autores que tienen un manuscrito terminado o en desarrollo, pero no saben cu\u00e1l es el siguiente paso: si est\u00e1 listo para enviar a editoriales, si necesita mejoras o c\u00f3mo prepararlo para su publicaci\u00f3n.<\/p>\n\n\n\n<p>En Book Review Studio PRO te acompa\u00f1amos durante todo el proceso editorial para que tomes decisiones con seguridad y enfoque profesional.<\/p>\n\n\n\n<p class=\"has-text-align-center\">Te ayudamos a analizar tu proyecto y a definir la mejor estrategia para tu obra, ya sea para <strong>env\u00edo a editoriales<\/strong>, <strong>autopublicaci\u00f3n<\/strong> o <strong>concursos literarios<\/strong>.<\/p>\n\n\n\n<p class=\"has-text-align-center\">Con nuestra <strong>asesor\u00eda editorial profesional<\/strong>, tendr\u00e1s una visi\u00f3n clara y experta de tu manuscrito y del camino m\u00e1s adecuado para publicarlo con \u00e9xito.<\/p>\n<\/div>\n<\/div>\n<\/div>\n\n\n\n<div class=\"wp-block-column is-vertically-aligned-stretch ext-animate--on is-layout-flow wp-container-core-column-is-layout-f5bb311e wp-block-column-is-layout-flow\">\n<div class=\"wp-block-group is-style-ext-preset--group--natural-1--item-card-1--align-center has-global-padding is-layout-constrained wp-block-group-is-layout-constrained is-style-ext-preset--group--natural-1--item-card-1--align-center--7\">\n<figure class=\"wp-block-image aligncenter size-full is-resized ext-aspect-landscape\"><img loading=\"lazy\" decoding=\"async\" width=\"1920\" height=\"1280\" src=\"https:\/\/bookreviewstudiopro.com\/wp-content\/uploads\/2026\/04\/veronika_andrews-books-5615562_1920.jpg\" alt=\"\" class=\"wp-image-703\" style=\"aspect-ratio:1.3333333333333333;object-fit:cover;width:395px;height:auto\"\/><\/figure>\n\n\n\n<div class=\"wp-block-group is-style-default has-global-padding is-layout-constrained wp-block-group-is-layout-constrained\">\n<h3 class=\"wp-block-heading\"><mark style=\"background-color:rgba(0, 0, 0, 0)\" class=\"has-inline-color has-secondary-color\">Impresi\u00f3n y Env\u00edo<\/mark><\/h3>\n\n\n\n<p class=\"has-text-align-center\">Impresi\u00f3n de libros profesional<\/p>\n\n\n\n<p class=\"has-text-align-center\">Convertimos tu manuscrito en un libro f\u00edsico con acabado editorial de alta calidad, adaptado a las necesidades de cada proyecto.<\/p>\n\n\n\n<p>Trabajamos con soluciones de <strong>impresi\u00f3n bajo demanda (print on demand)<\/strong> para facilitar la publicaci\u00f3n de libros sin necesidad de grandes tiradas ni inversi\u00f3n en stock.<\/p>\n\n\n\n<p>Gestionamos el <strong>env\u00edo de libros en Espa\u00f1a<\/strong>, garantizando que cada ejemplar llegue en condiciones \u00f3ptimas.<\/p>\n\n\n\n<p>Con nuestro servicio de <strong>impresi\u00f3n y env\u00edo de libros<\/strong>, transformamos tu manuscrito en un producto editorial listo para el mercado, con una log\u00edstica eficiente y una presentaci\u00f3n profesional.<\/p>\n<\/div>\n<\/div>\n<\/div>\n<\/div>\n<\/div>\n\n\n\n<div class=\"wp-block-group alignfull is-style-ext-preset--group--natural-1--section has-tertiary-background-color has-background has-global-padding is-layout-constrained wp-container-core-group-is-layout-e955bbaf wp-block-group-is-layout-constrained\" style=\"margin-top:0;margin-bottom:0;padding-top:var(--wp--preset--spacing--70);padding-bottom:var(--wp--preset--spacing--70)\">\n<div class=\"wp-block-group alignwide ext-is-logical-start has-global-padding is-content-justification-left is-layout-constrained wp-container-core-group-is-layout-6729bdbe wp-block-group-is-layout-constrained\">\n<h3 class=\"wp-block-heading has-text-align-center ext-animate--on\"><strong>Si ya has escrito tu libro, env\u00edanos tu manuscrito porque es el momento de hacerlo realidad.<\/strong><\/h3>\n\n\n\n<p class=\"has-text-align-center ext-animate--on\">Descubre nuestros Servicios Editoriales, dise\u00f1ados para apoyar a autores en cada etapa de su proceso creativo, asegurando calidad y excelencia.<\/p>\n<\/div>\n\n\n\n<div class=\"wp-block-columns alignwide is-layout-flex wp-container-core-columns-is-layout-174606dc wp-block-columns-is-layout-flex\">\n<div class=\"wp-block-column is-vertically-aligned-stretch is-layout-flow wp-container-core-column-is-layout-119bc444 wp-block-column-is-layout-flow\">\n<div class=\"wp-block-cover is-light is-style-ext-preset--image--natural-1--image-1--content-right ext-animate--on is-style-ext-preset--image--natural-1--image-1--content-right--9\" style=\"padding-top:0;padding-bottom:0;min-height:100%;aspect-ratio:unset;\"><img loading=\"lazy\" decoding=\"async\" width=\"1024\" height=\"681\" class=\"wp-block-cover__image-background wp-image-372 size-large\" alt=\"\" src=\"https:\/\/bookreviewstudiopro.com\/wp-content\/uploads\/2026\/03\/articulo-1024x681.jpg\" data-object-fit=\"cover\" srcset=\"https:\/\/bookreviewstudiopro.com\/wp-content\/uploads\/2026\/03\/articulo-1024x681.jpg 1024w, https:\/\/bookreviewstudiopro.com\/wp-content\/uploads\/2026\/03\/articulo-300x199.jpg 300w, https:\/\/bookreviewstudiopro.com\/wp-content\/uploads\/2026\/03\/articulo-768x510.jpg 768w, https:\/\/bookreviewstudiopro.com\/wp-content\/uploads\/2026\/03\/articulo-1536x1021.jpg 1536w, https:\/\/bookreviewstudiopro.com\/wp-content\/uploads\/2026\/03\/articulo-18x12.jpg 18w, https:\/\/bookreviewstudiopro.com\/wp-content\/uploads\/2026\/03\/articulo.jpg 1920w\" sizes=\"auto, (max-width: 1024px) 100vw, 1024px\" \/><span aria-hidden=\"true\" class=\"wp-block-cover__background has-background-dim-0 has-background-dim\" style=\"background-color:#b5a49a\"><\/span><div class=\"wp-block-cover__inner-container is-layout-flow wp-block-cover-is-layout-flow\">\n<p><\/p>\n<\/div><\/div>\n<\/div>\n\n\n\n<div class=\"wp-block-column is-vertically-aligned-center is-layout-flow wp-block-column-is-layout-flow\">\n<div class=\"wp-block-group is-style-ext-preset--group--natural-1--item-card-1--align-start ext-animate--on has-global-padding is-layout-constrained wp-block-group-is-layout-constrained is-style-ext-preset--group--natural-1--item-card-1--align-start--10\">\n<div class=\"wp-block-group is-style-default has-global-padding is-layout-constrained wp-block-group-is-layout-constrained\">\n<div class=\"wp-block-group is-nowrap is-layout-flex wp-container-core-group-is-layout-64fa2afa wp-block-group-is-layout-flex\" style=\"padding-top:0;padding-right:0;padding-bottom:0;padding-left:0\">\n<figure class=\"wp-block-image size-large ext-aspect-landscape wp-duotone-primary-foreground\"><img decoding=\"async\" src=\"data:image\/svg+xml;base64,PHN2ZyB4bWxucz0iaHR0cDovL3d3dy53My5vcmcvMjAwMC9zdmciIHdpZHRoPSI0OCIgaGVpZ2h0PSI0OCIgZmlsbD0iIzAwMDAwMCIgdmlld0JveD0iMCAwIDI1NiAyNTYiPjxwYXRoIGQ9Ik0xNzIsNzZhNDQsNDQsMCwxLDAtNDQsNDRBNDQuMDUsNDQuMDUsMCwwLDAsMTcyLDc2Wm0tNDQsMjhhMjgsMjgsMCwxLDEsMjgtMjhBMjgsMjgsMCwwLDEsMTI4LDEwNFptNjAsMjRhNDQsNDQsMCwxLDAsNDQsNDRBNDQuMDUsNDQuMDUsMCwwLDAsMTg4LDEyOFptMCw3MmEyOCwyOCwwLDEsMSwyOC0yOEEyOCwyOCwwLDAsMSwxODgsMjAwWk02OCwxMjhhNDQsNDQsMCwxLDAsNDQsNDRBNDQuMDUsNDQuMDUsMCwwLDAsNjgsMTI4Wm0wLDcyYTI4LDI4LDAsMSwxLDI4LTI4QTI4LDI4LDAsMCwxLDY4LDIwMFoiPjwvcGF0aD48L3N2Zz4=\" alt=\"\" style=\"object-fit:cover\"\/><\/figure>\n\n\n\n<div class=\"wp-block-group wp-container-content-958eb9dc has-global-padding is-layout-constrained wp-container-core-group-is-layout-c06d165c wp-block-group-is-layout-constrained\" style=\"padding-top:0;padding-right:0;padding-bottom:0;padding-left:0\">\n<h3 class=\"wp-block-heading\">\u00bfNecesitas informaci\u00f3n m\u00e1s detallada?<\/h3>\n\n\n\n<p>No dudes en contactar con nosotros a trav\u00e9s de nuestro email<\/p>\n\n\n\n<p><mark style=\"background-color:#F9D548\" class=\"has-inline-color\">dpto_comercial@bookreviewstudiopro.com<\/mark><\/p>\n<\/div>\n<\/div>\n<\/div>\n<\/div>\n\n\n\n<div class=\"wp-block-group is-style-ext-preset--group--natural-1--item-card-1--align-start ext-animate--on has-global-padding is-layout-constrained wp-block-group-is-layout-constrained is-style-ext-preset--group--natural-1--item-card-1--align-start--11\">\n<div class=\"wp-block-group is-style-default has-global-padding is-layout-constrained wp-block-group-is-layout-constrained\">\n<div class=\"wp-block-group is-nowrap is-layout-flex wp-container-core-group-is-layout-64fa2afa wp-block-group-is-layout-flex\" style=\"padding-top:0;padding-right:0;padding-bottom:0;padding-left:0\">\n<figure class=\"wp-block-image size-large ext-aspect-landscape wp-duotone-primary-foreground\"><img decoding=\"async\" src=\"data:image\/svg+xml;base64,PHN2ZyB4bWxucz0iaHR0cDovL3d3dy53My5vcmcvMjAwMC9zdmciIHdpZHRoPSI0OCIgaGVpZ2h0PSI0OCIgZmlsbD0iIzAwMDAwMCIgdmlld0JveD0iMCAwIDI1NiAyNTYiPjxwYXRoIGQ9Ik04MCw0MGE0MCw0MCwwLDEsMCw0MCw0MEE0MCw0MCwwLDAsMCw4MCw0MFptMCw2NGEyNCwyNCwwLDEsMSwyNC0yNEEyNCwyNCwwLDAsMSw4MCwxMDRabTk2LDE2YTQwLDQwLDAsMSwwLTQwLTQwQTQwLDQwLDAsMCwwLDE3NiwxMjBabTAtNjRhMjQsMjQsMCwxLDEtMjQsMjRBMjQsMjQsMCwwLDEsMTc2LDU2Wk04MCwxMzZhNDAsNDAsMCwxLDAsNDAsNDBBNDAsNDAsMCwwLDAsODAsMTM2Wm0wLDY0YTI0LDI0LDAsMSwxLDI0LTI0QTI0LDI0LDAsMCwxLDgwLDIwMFptOTYtNjRhNDAsNDAsMCwxLDAsNDAsNDBBNDAsNDAsMCwwLDAsMTc2LDEzNlptMCw2NGEyNCwyNCwwLDEsMSwyNC0yNEEyNCwyNCwwLDAsMSwxNzYsMjAwWiI+PC9wYXRoPjwvc3ZnPg==\" alt=\"\" style=\"object-fit:cover\"\/><\/figure>\n\n\n\n<div class=\"wp-block-group wp-container-content-958eb9dc has-global-padding is-layout-constrained wp-container-core-group-is-layout-c06d165c wp-block-group-is-layout-constrained\" style=\"padding-top:0;padding-right:0;padding-bottom:0;padding-left:0\">\n<h3 class=\"wp-block-heading\">Tu libro no termina cuando lo escribes: empieza cuando lo publicas.<\/h3>\n\n\n\n<p>En Book Review Studio PRO te ayudamos a transformar tu manuscrito en una obra profesional lista para el mercado editorial: correcci\u00f3n, edici\u00f3n, maquetaci\u00f3n, impresi\u00f3n y publicaci\u00f3n en plataformas como <strong>Amazon Kindle (KDP), Apple Books y Google Play Books.<\/strong><\/p>\n<\/div>\n<\/div>\n<\/div>\n<\/div>\n<\/div>\n<\/div>\n<\/div>","protected":false},"excerpt":{"rendered":"<p>\u00bfQuieres publicar tu libro con nosotros? Te ofrecemos todos los servicios editoriales para que puedas lanzar al mundo tu libro con \u00e9xito. Correcci\u00f3n de Texto Un manuscrito no solo cuenta una historia: define tu voz como autor, la calidad de tu trabajo literario y debe estar completamente libre de&nbsp;erratas,&nbsp;errores ortogr\u00e1ficos,&nbsp;incoherencias, fallos&nbsp;l\u00e9xicos&nbsp;y problemas&nbsp;sem\u00e1nticos, ya que cualquier [&hellip;]<\/p>\n","protected":false},"author":1,"featured_media":0,"parent":0,"menu_order":0,"comment_status":"closed","ping_status":"closed","template":"page-with-title","meta":{"om_disable_all_campaigns":false,"_monsterinsights_skip_tracking":false,"_monsterinsights_sitenote_active":false,"_monsterinsights_sitenote_note":"","_monsterinsights_sitenote_category":0,"_uf_show_specific_survey":0,"_uf_disable_surveys":false,"footnotes":""},"class_list":["post-691","page","type-page","status-publish","hentry"],"aioseo_notices":[],"_links":{"self":[{"href":"https:\/\/bookreviewstudiopro.com\/en\/wp-json\/wp\/v2\/pages\/691","targetHints":{"allow":["GET"]}}],"collection":[{"href":"https:\/\/bookreviewstudiopro.com\/en\/wp-json\/wp\/v2\/pages"}],"about":[{"href":"https:\/\/bookreviewstudiopro.com\/en\/wp-json\/wp\/v2\/types\/page"}],"author":[{"embeddable":true,"href":"https:\/\/bookreviewstudiopro.com\/en\/wp-json\/wp\/v2\/users\/1"}],"replies":[{"embeddable":true,"href":"https:\/\/bookreviewstudiopro.com\/en\/wp-json\/wp\/v2\/comments?post=691"}],"version-history":[{"count":5,"href":"https:\/\/bookreviewstudiopro.com\/en\/wp-json\/wp\/v2\/pages\/691\/revisions"}],"predecessor-version":[{"id":726,"href":"https:\/\/bookreviewstudiopro.com\/en\/wp-json\/wp\/v2\/pages\/691\/revisions\/726"}],"wp:attachment":[{"href":"https:\/\/bookreviewstudiopro.com\/en\/wp-json\/wp\/v2\/media?parent=691"}],"curies":[{"name":"wp","href":"https:\/\/api.w.org\/{rel}","templated":true}]}}