{"id":325,"date":"2026-04-04T11:08:07","date_gmt":"2026-04-04T11:08:07","guid":{"rendered":"https:\/\/bookreviewstudiopro.com\/?page_id=325"},"modified":"2026-04-10T20:31:55","modified_gmt":"2026-04-10T20:31:55","slug":"servicios-literarios","status":"publish","type":"page","link":"https:\/\/bookreviewstudiopro.com\/en\/servicios-literarios\/","title":{"rendered":"Servicios Literarios Profesionales"},"content":{"rendered":"<div class=\"wp-block-group alignwide is-style-ext-preset--group--natural-1--section has-tertiary-background-color has-background has-global-padding is-layout-constrained wp-container-core-group-is-layout-e955bbaf wp-block-group-is-layout-constrained\" style=\"margin-top:0;margin-bottom:0;padding-top:var(--wp--preset--spacing--70);padding-bottom:var(--wp--preset--spacing--70)\">\n<div class=\"wp-block-columns alignwide is-layout-flex wp-container-core-columns-is-layout-08c01c1c wp-block-columns-is-layout-flex\">\n<div class=\"wp-block-column ext-animate--on is-layout-flow wp-block-column-is-layout-flow\">\n<div class=\"wp-block-group is-style-ext-preset--group--natural-1--item-card-1--align-start has-global-padding is-layout-constrained wp-block-group-is-layout-constrained is-style-ext-preset--group--natural-1--item-card-1--align-start--2\">\n<figure class=\"wp-block-image size-full\"><img loading=\"lazy\" decoding=\"async\" width=\"1280\" height=\"854\" src=\"https:\/\/bookreviewstudiopro.com\/wp-content\/uploads\/2026\/03\/adult-g7162d9ca2_1280.jpg\" alt=\"\" class=\"wp-image-353\" style=\"aspect-ratio:4\/3;object-fit:cover\" srcset=\"https:\/\/bookreviewstudiopro.com\/wp-content\/uploads\/2026\/03\/adult-g7162d9ca2_1280.jpg 1280w, https:\/\/bookreviewstudiopro.com\/wp-content\/uploads\/2026\/03\/adult-g7162d9ca2_1280-300x200.jpg 300w, https:\/\/bookreviewstudiopro.com\/wp-content\/uploads\/2026\/03\/adult-g7162d9ca2_1280-1024x683.jpg 1024w, https:\/\/bookreviewstudiopro.com\/wp-content\/uploads\/2026\/03\/adult-g7162d9ca2_1280-768x512.jpg 768w, https:\/\/bookreviewstudiopro.com\/wp-content\/uploads\/2026\/03\/adult-g7162d9ca2_1280-18x12.jpg 18w\" sizes=\"auto, (max-width: 1280px) 100vw, 1280px\" \/><\/figure>\n\n\n\n<div class=\"wp-block-group is-style-default has-global-padding is-layout-constrained wp-block-group-is-layout-constrained\">\n<h3 class=\"wp-block-heading\">Rese\u00f1as Literarias y An\u00e1lisis Editorial<\/h3>\n\n\n\n<p>Cada libro tiene una historia \u00fanica, y cada historia merece ser le\u00edda y valorada con atenci\u00f3n. En nuestro servicio, leemos tu obra de manera completa y detallada, para ofrecer un an\u00e1lisis riguroso y una rese\u00f1a elaborada con excelencia literaria. Nuestro enfoque combina objetividad, criterio experto y sensibilidad hacia la narrativa, resaltando los puntos fuertes de tu libro y se\u00f1alando matices que pueden fortalecer su conexi\u00f3n con los lectores.<\/p>\n\n\n\n<p>Una rese\u00f1a profesional no solo aporta autoridad, sino que tambi\u00e9n genera confianza en quienes buscan nuevas lecturas. Al analizar tu obra con rigor y profundidad, ayudamos a que destaque en el amplio panorama editorial y llegue al p\u00fablico que m\u00e1s la apreciar\u00e1. Cada palabra, cada cap\u00edtulo y cada idea son cuidadosamente examinados para que tu libro tenga el impacto que merece.<\/p>\n<\/div>\n<\/div>\n<\/div>\n\n\n\n<div class=\"wp-block-column ext-animate--on is-layout-flow wp-block-column-is-layout-flow\">\n<div class=\"wp-block-group is-style-ext-preset--group--natural-1--item-card-1--align-start has-global-padding is-layout-constrained wp-block-group-is-layout-constrained is-style-ext-preset--group--natural-1--item-card-1--align-start--3\">\n<figure class=\"wp-block-image size-full is-resized\"><img loading=\"lazy\" decoding=\"async\" width=\"1280\" height=\"720\" src=\"https:\/\/bookreviewstudiopro.com\/wp-content\/uploads\/2026\/03\/marketing-digital_1742075715635-1.jpg\" alt=\"\" class=\"wp-image-357\" style=\"aspect-ratio:1.3333333333333333;object-fit:cover;width:395px;height:auto\" srcset=\"https:\/\/bookreviewstudiopro.com\/wp-content\/uploads\/2026\/03\/marketing-digital_1742075715635-1.jpg 1280w, https:\/\/bookreviewstudiopro.com\/wp-content\/uploads\/2026\/03\/marketing-digital_1742075715635-1-300x169.jpg 300w, https:\/\/bookreviewstudiopro.com\/wp-content\/uploads\/2026\/03\/marketing-digital_1742075715635-1-1024x576.jpg 1024w, https:\/\/bookreviewstudiopro.com\/wp-content\/uploads\/2026\/03\/marketing-digital_1742075715635-1-768x432.jpg 768w, https:\/\/bookreviewstudiopro.com\/wp-content\/uploads\/2026\/03\/marketing-digital_1742075715635-1-18x10.jpg 18w\" sizes=\"auto, (max-width: 1280px) 100vw, 1280px\" \/><\/figure>\n\n\n\n<div class=\"wp-block-group is-style-default has-global-padding is-layout-constrained wp-block-group-is-layout-constrained\">\n<h3 class=\"wp-block-heading\">Marketing Estrat\u00e9gico<\/h3>\n\n\n\n<p>Con nuestro servicio de <strong>marketing editorial<\/strong>, tu obra logra <strong>mayor posicionamiento, visibilidad y alcance<\/strong>, atrayendo lectores interesados y aumentando tu reputaci\u00f3n como autor. Combinamos:<\/p>\n\n\n\n<p>&#8211; Rese\u00f1a y Promoci\u00f3n en Instagram: llega a tu p\u00fablico objetivo con contenido estrat\u00e9gico y atractivo. <\/p>\n\n\n\n<p>&#8211; Rese\u00f1as profesionales en Amazon y Goodreads: aumenta la credibilidad y el inter\u00e9s por tu obra.<\/p>\n\n\n\n<p>&#8211; Visibilidad en nuestra web: Tu obra se presenta a lectores apasionados. Incluimos tu rese\u00f1a, enlace de compra, y una presentaci\u00f3n del autor con foto y biograf\u00eda.<\/p>\n\n\n\n<p>&#8211; Difusi\u00f3n en redes a trav\u00e9s de la alianza editorial con @SergiBooks, con m\u00e1s de 12.000 followers.<\/p>\n<\/div>\n<\/div>\n<\/div>\n\n\n\n<div class=\"wp-block-column ext-animate--on is-layout-flow wp-block-column-is-layout-flow\">\n<div class=\"wp-block-group is-style-ext-preset--group--natural-1--item-card-1--align-start has-global-padding is-layout-constrained wp-block-group-is-layout-constrained is-style-ext-preset--group--natural-1--item-card-1--align-start--4\">\n<figure class=\"wp-block-image size-large\"><img loading=\"lazy\" decoding=\"async\" width=\"1024\" height=\"640\" src=\"https:\/\/bookreviewstudiopro.com\/wp-content\/uploads\/2026\/04\/moodwebs-seo-posicionamiento-web-marketing-digital-live-streaming-1024x640.webp\" alt=\"\" class=\"wp-image-405\" style=\"aspect-ratio:4\/3;object-fit:cover\" srcset=\"https:\/\/bookreviewstudiopro.com\/wp-content\/uploads\/2026\/04\/moodwebs-seo-posicionamiento-web-marketing-digital-live-streaming-1024x640.webp 1024w, https:\/\/bookreviewstudiopro.com\/wp-content\/uploads\/2026\/04\/moodwebs-seo-posicionamiento-web-marketing-digital-live-streaming-300x188.webp 300w, https:\/\/bookreviewstudiopro.com\/wp-content\/uploads\/2026\/04\/moodwebs-seo-posicionamiento-web-marketing-digital-live-streaming-768x480.webp 768w, https:\/\/bookreviewstudiopro.com\/wp-content\/uploads\/2026\/04\/moodwebs-seo-posicionamiento-web-marketing-digital-live-streaming-18x12.webp 18w, https:\/\/bookreviewstudiopro.com\/wp-content\/uploads\/2026\/04\/moodwebs-seo-posicionamiento-web-marketing-digital-live-streaming.webp 1280w\" sizes=\"auto, (max-width: 1024px) 100vw, 1024px\" \/><\/figure>\n\n\n\n<div class=\"wp-block-group is-style-default has-global-padding is-layout-constrained wp-block-group-is-layout-constrained\">\n<h3 class=\"wp-block-heading\">Entrevistas PRO<\/h3>\n\n\n\n<p>Tu obra merece ser escuchada: Entrevistas en Streaming Pro<\/p>\n\n\n\n<p>No dejes que tu libro sea solo una portada en una estanter\u00eda digital. En Book Review Studio PRO, transformamos la promoci\u00f3n tradicional en una experiencia interactiva.<\/p>\n\n\n\n<p>\u2022 Interactividad: Responde preguntas en directo y genera un v\u00ednculo imborrable<\/p>\n\n\n\n<p>\u2022 Alcance Multiplataforma: Emitimos tu entrevista en alta definici\u00f3n, optimizada para que tu mensaje llegue con claridad.<\/p>\n\n\n\n<p>\u2022 Contenido para Siempre: No solo te damos visibilidad durante la emisi\u00f3n, sino que tu contenido seguir\u00e1 generando impacto a largo plazo ya que el v\u00eddeo se queda grabado.<\/p>\n\n\n\n<p>Cada entrevista se publica y queda disponible en nuestra web, es un \u00abactivo de marketing permanente\u00bb. <\/p>\n\n\n\n<p>Adem\u00e1s tambi\u00e9n se sube a nuestro canal de YouTube :<a href=\"https:\/\/www.youtube.com\/@BookReviewStudioPRO\" target=\"_blank\" rel=\"noopener\" title=\"\">@BookReviewStudioPRO<\/a>, ampliando tu alcance y mejorando tu posicionamiento online gracias a una de las plataformas de v\u00eddeo m\u00e1s importantes del mundo. <\/p>\n<\/div>\n<\/div>\n<\/div>\n<\/div>\n\n\n\n<div class=\"wp-block-group alignwide is-style-ext-preset--group--natural-1--section has-tertiary-background-color has-background has-global-padding is-layout-constrained wp-container-core-group-is-layout-e955bbaf wp-block-group-is-layout-constrained\" style=\"margin-top:0;margin-bottom:0;padding-top:var(--wp--preset--spacing--70);padding-bottom:var(--wp--preset--spacing--70)\">\n<div class=\"wp-block-columns alignwide is-layout-flex wp-container-core-columns-is-layout-08c01c1c wp-block-columns-is-layout-flex\">\n<div class=\"wp-block-column ext-animate--on is-layout-flow wp-block-column-is-layout-flow\">\n<div class=\"wp-block-group is-style-ext-preset--group--natural-1--item-card-1--align-start has-global-padding is-layout-constrained wp-block-group-is-layout-constrained is-style-ext-preset--group--natural-1--item-card-1--align-start--6\">\n<figure class=\"wp-block-image size-full\"><img loading=\"lazy\" decoding=\"async\" width=\"1536\" height=\"1024\" src=\"https:\/\/bookreviewstudiopro.com\/wp-content\/uploads\/2026\/04\/WhatsApp-Image-2026-04-03-at-13.11.00.jpeg\" alt=\"\" class=\"wp-image-422\" style=\"aspect-ratio:4\/3;object-fit:cover\" srcset=\"https:\/\/bookreviewstudiopro.com\/wp-content\/uploads\/2026\/04\/WhatsApp-Image-2026-04-03-at-13.11.00.jpeg 1536w, https:\/\/bookreviewstudiopro.com\/wp-content\/uploads\/2026\/04\/WhatsApp-Image-2026-04-03-at-13.11.00-300x200.jpeg 300w, https:\/\/bookreviewstudiopro.com\/wp-content\/uploads\/2026\/04\/WhatsApp-Image-2026-04-03-at-13.11.00-1024x683.jpeg 1024w, https:\/\/bookreviewstudiopro.com\/wp-content\/uploads\/2026\/04\/WhatsApp-Image-2026-04-03-at-13.11.00-768x512.jpeg 768w, https:\/\/bookreviewstudiopro.com\/wp-content\/uploads\/2026\/04\/WhatsApp-Image-2026-04-03-at-13.11.00-18x12.jpeg 18w\" sizes=\"auto, (max-width: 1536px) 100vw, 1536px\" \/><\/figure>\n\n\n\n<div class=\"wp-block-group is-style-default has-global-padding is-layout-constrained wp-block-group-is-layout-constrained\">\n<h3 class=\"wp-block-heading\">Podcast Book Review Studio PRO<\/h3>\n\n\n\n<p>Convierte tu libro en una experiencia que se escucha.<br>En Book Review Studio Pro ofrecemos un servicio profesional de entrevistas en podcast para autores, dise\u00f1ado para impulsar tu visibilidad, posicionar tu obra y conectar con nuevos lectores.<\/p>\n\n\n\n<p>\u00bfQu\u00e9 hacemos?<br>Entrevistas en estudio profesional online de podcast.<\/p>\n\n\n\n<p>Publicaci\u00f3n en Spotify y plataformas digitales.<br>Producci\u00f3n con calidad premium.<br>Difusi\u00f3n y contenido optimizado para posicionamiento y marketing literario.<\/p>\n\n\n\n<p> \u00bfPara qui\u00e9n es?<br>\u2022Autores de nuestro cat\u00e1logo<br>\u2022Escritores independientes<br>\u2022Cualquier autor que quiera promocionar su libro de forma profesional.<\/p>\n\n\n\n<p>\u00bfPor qu\u00e9 elegirnos?<br>Porque tu voz genera conexi\u00f3n, autoridad y visibilidad.<br>El podcast es una de las herramientas m\u00e1s potentes para vender libros hoy.<br> &#8211; Haz que tu historia llegue m\u00e1s lejos<br> &#8211; Reserva tu entrevista<br> &#8211; Da voz a tu libro<br> &#8211; Y deja que el mundo te descubra.<\/p>\n<\/div>\n<\/div>\n<\/div>\n\n\n\n<div class=\"wp-block-column ext-animate--on is-layout-flow wp-block-column-is-layout-flow\">\n<div class=\"wp-block-group is-style-ext-preset--group--natural-1--item-card-1--align-start has-global-padding is-layout-constrained wp-block-group-is-layout-constrained is-style-ext-preset--group--natural-1--item-card-1--align-start--7\">\n<figure class=\"wp-block-image size-full is-resized\"><img loading=\"lazy\" decoding=\"async\" width=\"1024\" height=\"512\" src=\"https:\/\/bookreviewstudiopro.com\/wp-content\/uploads\/2026\/03\/estructura-nota-de-prensa-1-1024x512-1.jpg\" alt=\"\" class=\"wp-image-373\" style=\"aspect-ratio:1.3333333333333333;object-fit:cover;width:395px;height:auto\" srcset=\"https:\/\/bookreviewstudiopro.com\/wp-content\/uploads\/2026\/03\/estructura-nota-de-prensa-1-1024x512-1.jpg 1024w, https:\/\/bookreviewstudiopro.com\/wp-content\/uploads\/2026\/03\/estructura-nota-de-prensa-1-1024x512-1-300x150.jpg 300w, https:\/\/bookreviewstudiopro.com\/wp-content\/uploads\/2026\/03\/estructura-nota-de-prensa-1-1024x512-1-768x384.jpg 768w, https:\/\/bookreviewstudiopro.com\/wp-content\/uploads\/2026\/03\/estructura-nota-de-prensa-1-1024x512-1-18x9.jpg 18w\" sizes=\"auto, (max-width: 1024px) 100vw, 1024px\" \/><\/figure>\n\n\n\n<div class=\"wp-block-group is-style-default has-global-padding is-layout-constrained wp-block-group-is-layout-constrained\">\n<h3 class=\"wp-block-heading\">Nota de Prensa<\/h3>\n\n\n\n<p>\u00bfHas publicado un libro y quieres que los medios hablen de ti? Nuestro servicio de <strong>Nota de Prensa profesional <\/strong>est\u00e1 dise\u00f1ado para ayudarte a conseguir visibilidad, credibilidad y difusi\u00f3n en medios digitales.<\/p>\n\n\n\n<p>En Book Review Studio PRO redactamos notas de prensa optimizadas y profesionales, listas para enviar a medios, bloggers y plataformas literarias. Nos encargamos de transformar tu libro en una historia atractiva y con enfoque informativo, destacando sus elementos diferenciales y su valor para el p\u00fablico.<\/p>\n\n\n\n<p>T\u00fa mantienes el control del env\u00edo y la distribuci\u00f3n, pudiendo elegir los medios que mejor encajen con tu obra y tu estrategia como autor.<\/p>\n\n\n\n<p>Una nota de prensa bien elaborada puede marcar la diferencia entre pasar desapercibido o destacar en un mercado saturado. <\/p>\n\n\n\n<p><strong>Tu historia merece ser noticia. Nosotros la hacemos visible.<\/strong><\/p>\n<\/div>\n<\/div>\n<\/div>\n\n\n\n<div class=\"wp-block-column ext-animate--on is-layout-flow wp-block-column-is-layout-flow\">\n<div class=\"wp-block-group is-style-ext-preset--group--natural-1--item-card-1--align-start has-global-padding is-layout-constrained wp-block-group-is-layout-constrained is-style-ext-preset--group--natural-1--item-card-1--align-start--8\">\n<figure class=\"wp-block-image size-full is-resized\"><img loading=\"lazy\" decoding=\"async\" width=\"2000\" height=\"2000\" src=\"https:\/\/bookreviewstudiopro.com\/wp-content\/uploads\/2026\/04\/Book-Trailer.png\" alt=\"\" class=\"wp-image-407\" style=\"aspect-ratio:1.3333333333333333;object-fit:cover;width:395px;height:auto\" srcset=\"https:\/\/bookreviewstudiopro.com\/wp-content\/uploads\/2026\/04\/Book-Trailer.png 2000w, https:\/\/bookreviewstudiopro.com\/wp-content\/uploads\/2026\/04\/Book-Trailer-300x300.png 300w, https:\/\/bookreviewstudiopro.com\/wp-content\/uploads\/2026\/04\/Book-Trailer-1024x1024.png 1024w, https:\/\/bookreviewstudiopro.com\/wp-content\/uploads\/2026\/04\/Book-Trailer-150x150.png 150w, https:\/\/bookreviewstudiopro.com\/wp-content\/uploads\/2026\/04\/Book-Trailer-768x768.png 768w, https:\/\/bookreviewstudiopro.com\/wp-content\/uploads\/2026\/04\/Book-Trailer-1536x1536.png 1536w, https:\/\/bookreviewstudiopro.com\/wp-content\/uploads\/2026\/04\/Book-Trailer-12x12.png 12w\" sizes=\"auto, (max-width: 2000px) 100vw, 2000px\" \/><\/figure>\n\n\n\n<div class=\"wp-block-group is-style-default has-global-padding is-layout-constrained wp-block-group-is-layout-constrained\">\n<h3 class=\"wp-block-heading\">Book Trailer<\/h3>\n\n\n\n<p>Da vida a tu libro y conquista a tus lectores.<\/p>\n\n\n\n<p>Haz que tu historia cobre vida antes de ser le\u00edda. Con nuestro servicio de <strong>Book Trailer profesional<\/strong>, transformar\u00e1s tu libro en una experiencia visual capaz de captar la atenci\u00f3n desde el primer segundo.<\/p>\n\n\n\n<p>En Book Review Studio PRO creamos v\u00eddeos promocionales dise\u00f1ados para generar impacto, despertar curiosidad y conectar emocionalmente con tus futuros lectores. Un book trailer no solo presenta tu libro, lo vende.<\/p>\n\n\n\n<p>Convierte tu historia en una experiencia visual<\/p>\n\n\n\n<p>Hoy en d\u00eda, no basta con escribir un buen libro: hay que saber presentarlo. Un book trailer es una herramienta efectiva para promocionarlo.<\/p>\n\n\n\n<p>Haz que tu libro entre por los ojos. Contrata tu <strong>Book Trailer<\/strong> y empieza a captar lectores antes de que pasen la primera p\u00e1gina.<\/p>\n<\/div>\n<\/div>\n<\/div>\n<\/div>\n\n\n\n<div class=\"wp-block-group alignwide is-style-ext-preset--group--natural-1--section has-tertiary-background-color has-background has-global-padding is-layout-constrained wp-container-core-group-is-layout-e955bbaf wp-block-group-is-layout-constrained\" style=\"margin-top:0;margin-bottom:0;padding-top:var(--wp--preset--spacing--70);padding-bottom:var(--wp--preset--spacing--70)\">\n<div class=\"wp-block-columns alignwide is-layout-flex wp-container-core-columns-is-layout-08c01c1c wp-block-columns-is-layout-flex\">\n<div class=\"wp-block-column ext-animate--on is-layout-flow wp-block-column-is-layout-flow\">\n<div class=\"wp-block-group is-style-ext-preset--group--natural-1--item-card-1--align-start has-global-padding is-layout-constrained wp-block-group-is-layout-constrained is-style-ext-preset--group--natural-1--item-card-1--align-start--10\">\n<figure class=\"wp-block-image size-full\"><img loading=\"lazy\" decoding=\"async\" width=\"1440\" height=\"911\" src=\"https:\/\/bookreviewstudiopro.com\/wp-content\/uploads\/2026\/03\/banner-manuscrito-penguinrandomhousegrupoeditorial.jpg\" alt=\"\" class=\"wp-image-329\" style=\"aspect-ratio:4\/3;object-fit:cover\" srcset=\"https:\/\/bookreviewstudiopro.com\/wp-content\/uploads\/2026\/03\/banner-manuscrito-penguinrandomhousegrupoeditorial.jpg 1440w, https:\/\/bookreviewstudiopro.com\/wp-content\/uploads\/2026\/03\/banner-manuscrito-penguinrandomhousegrupoeditorial-300x190.jpg 300w, https:\/\/bookreviewstudiopro.com\/wp-content\/uploads\/2026\/03\/banner-manuscrito-penguinrandomhousegrupoeditorial-1024x648.jpg 1024w, https:\/\/bookreviewstudiopro.com\/wp-content\/uploads\/2026\/03\/banner-manuscrito-penguinrandomhousegrupoeditorial-768x486.jpg 768w, https:\/\/bookreviewstudiopro.com\/wp-content\/uploads\/2026\/03\/banner-manuscrito-penguinrandomhousegrupoeditorial-18x12.jpg 18w\" sizes=\"auto, (max-width: 1440px) 100vw, 1440px\" \/><\/figure>\n\n\n\n<div class=\"wp-block-group is-style-default has-global-padding is-layout-constrained wp-block-group-is-layout-constrained\">\n<h3 class=\"wp-block-heading\">Lectura Beta profesional: mejora tu manuscrito antes de publicar<\/h3>\n\n\n\n<p>Nuestro servicio de <strong>lectura beta profesional<\/strong> est\u00e1 pensado para escritores que quieren perfeccionar su manuscrito antes de enviarlo a editoriales o autopublicarlo. Analizamos tu obra de manera integral, evaluando la <strong>trama, los personajes, el ritmo narrativo, los di\u00e1logos y la coherencia general<\/strong>, y ofrecemos <strong>feedback constructivo y detallado<\/strong> para ayudarte a fortalecer tu historia.<\/p>\n\n\n\n<p>La lectura beta te permite detectar errores, reforzar los puntos fuertes de tu narrativa y mejorar la calidad general de tu novela. Con nuestra ayuda, tu manuscrito se convierte en una historia m\u00e1s s\u00f3lida, atractiva y lista para destacar en el mercado editorial.  <\/p>\n\n\n\n<p>Aprovecha la oportunidad de recibir una mirada profesional que eleve la calidad de tu obra y te prepare para el \u00e9xito editorial.<\/p>\n\n\n\n<p><\/p>\n<\/div>\n<\/div>\n<\/div>\n\n\n\n<div class=\"wp-block-column ext-animate--on is-layout-flow wp-block-column-is-layout-flow\">\n<div class=\"wp-block-group is-style-ext-preset--group--natural-1--item-card-1--align-start has-global-padding is-layout-constrained wp-block-group-is-layout-constrained is-style-ext-preset--group--natural-1--item-card-1--align-start--11\">\n<figure class=\"wp-block-image size-full is-resized\"><img loading=\"lazy\" decoding=\"async\" width=\"225\" height=\"225\" src=\"https:\/\/bookreviewstudiopro.com\/wp-content\/uploads\/2026\/04\/descarga-2-1.jpg\" alt=\"\" class=\"wp-image-429\" style=\"aspect-ratio:1.3333333333333333;object-fit:cover;width:395px;height:auto\" srcset=\"https:\/\/bookreviewstudiopro.com\/wp-content\/uploads\/2026\/04\/descarga-2-1.jpg 225w, https:\/\/bookreviewstudiopro.com\/wp-content\/uploads\/2026\/04\/descarga-2-1-150x150.jpg 150w, https:\/\/bookreviewstudiopro.com\/wp-content\/uploads\/2026\/04\/descarga-2-1-12x12.jpg 12w\" sizes=\"auto, (max-width: 225px) 100vw, 225px\" \/><\/figure>\n\n\n\n<div class=\"wp-block-group is-style-default has-global-padding is-layout-constrained wp-block-group-is-layout-constrained\">\n<h3 class=\"wp-block-heading\">Planes Estrat\u00e9gicos Personalizados para Autores<\/h3>\n\n\n\n<p>Si quieres tener un Director de Proyecto y un equipo personal \u00fanicamente trabajando para ti y para tu obra.<\/p>\n\n\n\n<p>Convierte tu libro en una marca y aumenta tus expansi\u00f3n mundial, aumentando tus posibilidades de venta.<\/p>\n\n\n\n<p>Publicar un libro ya no es suficiente.<br>Si quieres destacar, necesitas una estrategia de marketing para autores, visibilidad online y posicionamiento SEO que te permita llegar a m\u00e1s lectores.<\/p>\n\n\n\n<p>Nuestros planes estrat\u00e9gicos personalizados para autores est\u00e1n dise\u00f1ados para ayudarte a crecer, posicionarte y transformar tu libro en un proyecto rentable.<\/p>\n\n\n\n<p>\u00bfQu\u00e9 incluye tu plan estrat\u00e9gico?<br>\u2022Estrategia de marketing digital para escritores<br>\u2022Posicionamiento SEO y Ads para libros y autores<br>\u2022Branding personal y autoridad como escritor<br>\u2022Definici\u00f3n de p\u00fablico objetivo<br>\u2022Plan de contenidos y visibilidad online<br>\u2022Estrategia de ventas y crecimiento.<\/p>\n\n\n\n<p>\u00bfPara qui\u00e9n es este servicio?<br>\u2022Autores que quieren expandir mundialmente su libro con m\u00e1s posibilidades de ventas.<br>\u2022Escritores que buscan visibilidad online a nivel global.<br>\u2022Autores independientes que quieren posicionarse.<br>Proyectos editoriales que necesitan estrategia.<\/p>\n\n\n\n<p>Beneficios:<br>\u25aa\ufe0eM\u00e1s visibilidad en Google, RRSS, y plataformas varias digitales.<br>\u2022M\u00e1s lectores y posibilidades de ventas.<br>\u2022Marca e identidad personal s\u00f3lida como autor.<br>\u2022Diferenciaci\u00f3n en el mercado editorial.<\/p>\n\n\n\n<p>Empieza hoy\u2026<br>Tu libro puede ser mucho m\u00e1s que una publicaci\u00f3n.<br>Convi\u00e9rtelo en una marca con una estrategia clara.<br>Haz crecer tu proyecto como autor con un plan estrat\u00e9gico personalizado.<\/p>\n<\/div>\n<\/div>\n<\/div>\n\n\n\n<div class=\"wp-block-column ext-animate--on is-layout-flow wp-block-column-is-layout-flow\">\n<div class=\"wp-block-group is-style-ext-preset--group--natural-1--item-card-1--align-start has-global-padding is-layout-constrained wp-block-group-is-layout-constrained is-style-ext-preset--group--natural-1--item-card-1--align-start--12\">\n<div class=\"wp-block-group is-style-default has-global-padding is-layout-constrained wp-block-group-is-layout-constrained\">\n<h3 class=\"wp-block-heading\"><\/h3>\n\n\n\n<p><\/p>\n\n\n\n<p><\/p>\n\n\n\n<p><\/p>\n\n\n\n<p><\/p>\n<\/div>\n<\/div>\n<\/div>\n<\/div>\n\n\n\n<div class=\"wp-block-group alignfull is-style-ext-preset--group--natural-1--section has-background-background-color has-background has-global-padding is-layout-constrained wp-block-group-is-layout-constrained\" style=\"margin-top:0;margin-bottom:0;padding-top:var(--wp--preset--spacing--70);padding-bottom:var(--wp--preset--spacing--70)\">\n<div class=\"wp-block-columns alignwide are-vertically-aligned-center is-layout-flex wp-container-core-columns-is-layout-174606dc wp-block-columns-is-layout-flex\">\n<div class=\"wp-block-column is-vertically-aligned-center is-layout-flow wp-block-column-is-layout-flow\">\n<figure class=\"wp-block-image size-large is-style-ext-preset--image--natural-1--image-1--content-left ext-animate--on is-style-ext-preset--image--natural-1--image-1--content-left--14\"><img loading=\"lazy\" decoding=\"async\" width=\"1024\" height=\"681\" src=\"https:\/\/bookreviewstudiopro.com\/wp-content\/uploads\/2026\/03\/articulo-1024x681.jpg\" alt=\"\" class=\"wp-image-372\" style=\"aspect-ratio:4\/3;object-fit:cover\" srcset=\"https:\/\/bookreviewstudiopro.com\/wp-content\/uploads\/2026\/03\/articulo-1024x681.jpg 1024w, https:\/\/bookreviewstudiopro.com\/wp-content\/uploads\/2026\/03\/articulo-300x199.jpg 300w, https:\/\/bookreviewstudiopro.com\/wp-content\/uploads\/2026\/03\/articulo-768x510.jpg 768w, https:\/\/bookreviewstudiopro.com\/wp-content\/uploads\/2026\/03\/articulo-1536x1021.jpg 1536w, https:\/\/bookreviewstudiopro.com\/wp-content\/uploads\/2026\/03\/articulo-18x12.jpg 18w, https:\/\/bookreviewstudiopro.com\/wp-content\/uploads\/2026\/03\/articulo.jpg 1920w\" sizes=\"auto, (max-width: 1024px) 100vw, 1024px\" \/><\/figure>\n<\/div>\n\n\n\n<div class=\"wp-block-column is-vertically-aligned-center is-layout-flow wp-block-column-is-layout-flow\">\n<h3 class=\"wp-block-heading ext-animate--on\">Impulsa tu obra hacia el  reconocimiento que merece.<\/h3>\n\n\n\n<p><strong>Contacta con nosotros para recibir informaci\u00f3n m\u00e1s detallada : <\/strong><a href=\"mailto:dpto_comercial@bookreviewstudiopro.com\" target=\"_blank\" rel=\"noopener\" title=\"\">dpto_comercial@bookreviewstudiopro.com<\/a><\/p>\n<\/div>\n<\/div>\n<\/div>\n<\/div>\n<\/div>\n<\/div>","protected":false},"excerpt":{"rendered":"<p>Rese\u00f1as Literarias y An\u00e1lisis Editorial Cada libro tiene una historia \u00fanica, y cada historia merece ser le\u00edda y valorada con atenci\u00f3n. En nuestro servicio, leemos tu obra de manera completa y detallada, para ofrecer un an\u00e1lisis riguroso y una rese\u00f1a elaborada con excelencia literaria. Nuestro enfoque combina objetividad, criterio experto y sensibilidad hacia la narrativa, [&hellip;]<\/p>\n","protected":false},"author":1,"featured_media":0,"parent":0,"menu_order":0,"comment_status":"closed","ping_status":"closed","template":"page-with-title","meta":{"om_disable_all_campaigns":false,"_monsterinsights_skip_tracking":false,"_monsterinsights_sitenote_active":false,"_monsterinsights_sitenote_note":"","_monsterinsights_sitenote_category":0,"_uf_show_specific_survey":0,"_uf_disable_surveys":false,"footnotes":""},"class_list":["post-325","page","type-page","status-publish","hentry"],"aioseo_notices":[],"_links":{"self":[{"href":"https:\/\/bookreviewstudiopro.com\/en\/wp-json\/wp\/v2\/pages\/325","targetHints":{"allow":["GET"]}}],"collection":[{"href":"https:\/\/bookreviewstudiopro.com\/en\/wp-json\/wp\/v2\/pages"}],"about":[{"href":"https:\/\/bookreviewstudiopro.com\/en\/wp-json\/wp\/v2\/types\/page"}],"author":[{"embeddable":true,"href":"https:\/\/bookreviewstudiopro.com\/en\/wp-json\/wp\/v2\/users\/1"}],"replies":[{"embeddable":true,"href":"https:\/\/bookreviewstudiopro.com\/en\/wp-json\/wp\/v2\/comments?post=325"}],"version-history":[{"count":21,"href":"https:\/\/bookreviewstudiopro.com\/en\/wp-json\/wp\/v2\/pages\/325\/revisions"}],"predecessor-version":[{"id":438,"href":"https:\/\/bookreviewstudiopro.com\/en\/wp-json\/wp\/v2\/pages\/325\/revisions\/438"}],"wp:attachment":[{"href":"https:\/\/bookreviewstudiopro.com\/en\/wp-json\/wp\/v2\/media?parent=325"}],"curies":[{"name":"wp","href":"https:\/\/api.w.org\/{rel}","templated":true}]}}