{"id":308,"date":"2026-04-04T11:07:47","date_gmt":"2026-04-04T11:07:47","guid":{"rendered":"https:\/\/bookreviewstudiopro.com\/?page_id=308"},"modified":"2026-04-10T20:30:35","modified_gmt":"2026-04-10T20:30:35","slug":"entrevistas-autores","status":"publish","type":"page","link":"https:\/\/bookreviewstudiopro.com\/en\/entrevistas-autores\/","title":{"rendered":"Entrevistas PRO"},"content":{"rendered":"<div class=\"wp-block-group alignfull ext-hero-section is-style-ext-preset--group--natural-1--section has-background-background-color has-background has-global-padding is-layout-constrained wp-block-group-is-layout-constrained\" style=\"margin-top:0;margin-bottom:0;padding-top:var(--wp--preset--spacing--50);padding-bottom:var(--wp--preset--spacing--70)\">\n<div class=\"wp-block-group alignwide ext-animate--on has-global-padding is-layout-constrained wp-container-core-group-is-layout-9b5fd1f6 wp-block-group-is-layout-constrained\">\n<h2 class=\"wp-block-heading alignwide has-text-align-center ext-animate--on\">Streaming PRO: La evoluci\u00f3n de la promoci\u00f3n literaria.<\/h2>\n\n\n\n<p class=\"has-text-align-center ext-animate--on\" style=\"margin-top:1.5rem\"><strong>Sum\u00e9rgete en el fascinante mundo de las charlas literarias y explora nuestra colecci\u00f3n exclusiva de entrevistas, donde autores\/as comparten sus conocimientos y experiencias con charlas y contenido literario \u00fanico. Escribir es un acto solitario, pero promocionar no tiene por qu\u00e9 serlo. Estrenamos nuestro nuevo servicio de Streaming en Directo, un espacio dise\u00f1ado para que compartas tu proceso creativo, tus fuentes de inspiraci\u00f3n y la magia detr\u00e1s de tus personajes. Lleva a tus lectores detr\u00e1s de las p\u00e1ginas. No dejes que tu libro sea solo una portada en una estanter\u00eda digital. En Book Review Studio PRO, transformamos la promoci\u00f3n tradicional en una experiencia interactiva.                             \u00bfPor qu\u00e9 limitarte a una rese\u00f1a escrita cuando puedes protagonizar un evento en vivo?. <\/strong><\/p>\n\n\n\n<p class=\"has-text-align-center ext-animate--on\" style=\"margin-top:1.5rem\"><strong>Contacta con nosotros<\/strong> : dpto_comercial@bookreviewstudiopro.com<\/p>\n\n\n\n<div class=\"wp-block-columns is-layout-flex wp-container-core-columns-is-layout-28f84493 wp-block-columns-is-layout-flex\">\n<div class=\"wp-block-column is-layout-flow wp-block-column-is-layout-flow\" style=\"flex-basis:100%\">\n<figure class=\"wp-block-embed aligncenter is-type-video is-provider-youtube wp-block-embed-youtube wp-embed-aspect-16-9 wp-has-aspect-ratio\"><div class=\"wp-block-embed__wrapper\">\n<iframe loading=\"lazy\" title=\"Pr\u00f3ximamente Entrevistas PRO\" width=\"500\" height=\"281\" src=\"https:\/\/www.youtube.com\/embed\/W2PT5hXhrq4?feature=oembed\" frameborder=\"0\" allow=\"accelerometer; autoplay; clipboard-write; encrypted-media; gyroscope; picture-in-picture; web-share\" referrerpolicy=\"strict-origin-when-cross-origin\" allowfullscreen><\/iframe>\n<\/div><\/figure>\n<\/div>\n<\/div>\n<\/div>\n<\/div>\n\n\n\n<div class=\"wp-block-group alignfull is-style-ext-preset--group--natural-1--section has-background-background-color has-background has-global-padding is-layout-constrained wp-container-core-group-is-layout-e955bbaf wp-block-group-is-layout-constrained\" style=\"margin-top:0;margin-bottom:0;padding-top:var(--wp--preset--spacing--70);padding-bottom:var(--wp--preset--spacing--70)\">\n<h2 class=\"wp-block-heading has-text-align-center ext-animate--on\">Entrevistas PRO<\/h2>\n\n\n\n<p class=\"has-text-align-center ext-animate--on\" style=\"margin-top:1.5rem\">Tu obra merece ser escuchada<\/p>\n\n\n\n<div class=\"wp-block-group alignwide has-global-padding is-layout-constrained wp-container-core-group-is-layout-6eb5b29a wp-block-group-is-layout-constrained\">\n<div class=\"wp-block-media-text alignwide is-stacked-on-mobile is-image-fill-element is-style-ext-preset--media-text--natural-1--card-1 ext-animate--on has-tertiary-background-color has-background is-style-ext-preset--media-text--natural-1--card-1--3\" style=\"grid-template-columns:35% auto\"><figure class=\"wp-block-media-text__media\"><img loading=\"lazy\" decoding=\"async\" width=\"634\" height=\"1024\" src=\"https:\/\/bookreviewstudiopro.com\/wp-content\/uploads\/2026\/03\/cd2188bb4c7ea75487e8050a2551294b4d5c9a43-634x1024.jpg\" alt=\"\" class=\"wp-image-305 size-full\" style=\"object-position:50% 50%\" srcset=\"https:\/\/bookreviewstudiopro.com\/wp-content\/uploads\/2026\/03\/cd2188bb4c7ea75487e8050a2551294b4d5c9a43-634x1024.jpg 634w, https:\/\/bookreviewstudiopro.com\/wp-content\/uploads\/2026\/03\/cd2188bb4c7ea75487e8050a2551294b4d5c9a43-186x300.jpg 186w, https:\/\/bookreviewstudiopro.com\/wp-content\/uploads\/2026\/03\/cd2188bb4c7ea75487e8050a2551294b4d5c9a43-768x1241.jpg 768w, https:\/\/bookreviewstudiopro.com\/wp-content\/uploads\/2026\/03\/cd2188bb4c7ea75487e8050a2551294b4d5c9a43-7x12.jpg 7w, https:\/\/bookreviewstudiopro.com\/wp-content\/uploads\/2026\/03\/cd2188bb4c7ea75487e8050a2551294b4d5c9a43.jpg 891w\" sizes=\"auto, (max-width: 634px) 100vw, 634px\" \/><\/figure><div class=\"wp-block-media-text__content\">\n<div class=\"wp-block-group is-style-default has-global-padding is-layout-constrained wp-container-core-group-is-layout-a35945ca wp-block-group-is-layout-constrained\" style=\"padding-top:var(--wp--preset--spacing--30);padding-right:var(--wp--preset--spacing--30);padding-bottom:var(--wp--preset--spacing--30);padding-left:var(--wp--preset--spacing--30)\">\n<h3 class=\"wp-block-heading\" style=\"font-size:clamp(15.747px, 0.984rem + ((1vw - 3.2px) * 0.86), 24px);\">Autor\/a y obra<\/h3>\n\n\n\n<div class=\"wp-block-group is-nowrap is-layout-flex wp-container-core-group-is-layout-6fee25ed wp-block-group-is-layout-flex\" style=\"margin-top:24px;padding-top:0;padding-right:0;padding-bottom:0;padding-left:0\">\n<div class=\"wp-block-group is-nowrap is-layout-flex wp-container-core-group-is-layout-2ca071df wp-block-group-is-layout-flex\" style=\"padding-top:0;padding-right:0;padding-bottom:0;padding-left:0\">\n<figure class=\"wp-block-image size-large wp-container-content-c42f3963 wp-duotone-primary-foreground\"><img decoding=\"async\" src=\"data:image\/svg+xml;base64,PHN2ZyB4bWxucz0iaHR0cDovL3d3dy53My5vcmcvMjAwMC9zdmciIHdpZHRoPSIyNCIgaGVpZ2h0PSIyNCIgZmlsbD0iIzAwMDAwMCIgdmlld0JveD0iMCAwIDI1NiAyNTYiPjxwYXRoIGQ9Ik0yMDgsMzJIMTg0VjI0YTgsOCwwLDAsMC0xNiwwdjhIODhWMjRhOCw4LDAsMCwwLTE2LDB2OEg0OEExNiwxNiwwLDAsMCwzMiw0OFYyMDhhMTYsMTYsMCwwLDAsMTYsMTZIMjA4YTE2LDE2LDAsMCwwLDE2LTE2VjQ4QTE2LDE2LDAsMCwwLDIwOCwzMlpNNzIsNDh2OGE4LDgsMCwwLDAsMTYsMFY0OGg4MHY4YTgsOCwwLDAsMCwxNiwwVjQ4aDI0VjgwSDQ4VjQ4Wk0yMDgsMjA4SDQ4Vjk2SDIwOFYyMDhabS02OC03NmExMiwxMiwwLDEsMS0xMi0xMkExMiwxMiwwLDAsMSwxNDAsMTMyWm00NCwwYTEyLDEyLDAsMSwxLTEyLTEyQTEyLDEyLDAsMCwxLDE4NCwxMzJaTTk2LDE3MmExMiwxMiwwLDEsMS0xMi0xMkExMiwxMiwwLDAsMSw5NiwxNzJabTQ0LDBhMTIsMTIsMCwxLDEtMTItMTJBMTIsMTIsMCwwLDEsMTQwLDE3MlptNDQsMGExMiwxMiwwLDEsMS0xMi0xMkExMiwxMiwwLDAsMSwxODQsMTcyWiI+PC9wYXRoPjwvc3ZnPg==\" alt=\"\"\/><\/figure>\n\n\n\n<p class=\"wp-container-content-9cfa9a5a\" style=\"font-size:clamp(14px, 0.875rem + ((1vw - 3.2px) * 0.417), 18px);\">Fecha:<\/p>\n<\/div>\n\n\n\n<div class=\"wp-block-group is-nowrap is-layout-flex wp-container-core-group-is-layout-2ca071df wp-block-group-is-layout-flex\" style=\"padding-top:0;padding-right:0;padding-bottom:0;padding-left:0\">\n<p class=\"wp-container-content-9cfa9a5a\" style=\"font-size:clamp(14px, 0.875rem + ((1vw - 3.2px) * 0.417), 18px);\"><\/p>\n<\/div>\n<\/div>\n\n\n\n<p style=\"margin-top:var(--wp--preset--spacing--20)\">Descripci\u00f3n del evento.<\/p>\n<\/div>\n\n\n\n<div class=\"wp-block-buttons is-content-justification-center is-layout-flex wp-container-core-buttons-is-layout-a89b3969 wp-block-buttons-is-layout-flex\">\n<div class=\"wp-block-button\"><a class=\"wp-block-button__link wp-element-button\" href=\"https:\/\/www.youtube.com\/watch?v=W2PT5hXhrq4\" target=\"_blank\" rel=\"noreferrer noopener\">Ver entrevista<\/a><\/div>\n<\/div>\n<\/div><\/div>\n\n\n\n<div class=\"wp-block-media-text alignwide is-stacked-on-mobile is-image-fill-element is-style-ext-preset--media-text--natural-1--card-1 ext-animate--on has-tertiary-background-color has-background is-style-ext-preset--media-text--natural-1--card-1--4\" style=\"grid-template-columns:35% auto\"><figure class=\"wp-block-media-text__media\"><img loading=\"lazy\" decoding=\"async\" width=\"683\" height=\"1024\" src=\"https:\/\/bookreviewstudiopro.com\/wp-content\/uploads\/2026\/03\/bf639ab351a0011ed298316310d560dafa660b6b-683x1024.jpg\" alt=\"\" class=\"wp-image-301 size-full\" style=\"object-position:50% 50%\" srcset=\"https:\/\/bookreviewstudiopro.com\/wp-content\/uploads\/2026\/03\/bf639ab351a0011ed298316310d560dafa660b6b-683x1024.jpg 683w, https:\/\/bookreviewstudiopro.com\/wp-content\/uploads\/2026\/03\/bf639ab351a0011ed298316310d560dafa660b6b-200x300.jpg 200w, https:\/\/bookreviewstudiopro.com\/wp-content\/uploads\/2026\/03\/bf639ab351a0011ed298316310d560dafa660b6b-768x1152.jpg 768w, https:\/\/bookreviewstudiopro.com\/wp-content\/uploads\/2026\/03\/bf639ab351a0011ed298316310d560dafa660b6b-8x12.jpg 8w, https:\/\/bookreviewstudiopro.com\/wp-content\/uploads\/2026\/03\/bf639ab351a0011ed298316310d560dafa660b6b.jpg 960w\" sizes=\"auto, (max-width: 683px) 100vw, 683px\" \/><\/figure><div class=\"wp-block-media-text__content\">\n<div class=\"wp-block-group is-style-default has-global-padding is-layout-constrained wp-container-core-group-is-layout-a35945ca wp-block-group-is-layout-constrained\" style=\"padding-top:var(--wp--preset--spacing--30);padding-right:var(--wp--preset--spacing--30);padding-bottom:var(--wp--preset--spacing--30);padding-left:var(--wp--preset--spacing--30)\">\n<h3 class=\"wp-block-heading\" style=\"font-size:clamp(15.747px, 0.984rem + ((1vw - 3.2px) * 0.86), 24px);\">Autor\/a y obra<\/h3>\n\n\n\n<div class=\"wp-block-group is-nowrap is-layout-flex wp-container-core-group-is-layout-6fee25ed wp-block-group-is-layout-flex\" style=\"margin-top:24px;padding-top:0;padding-right:0;padding-bottom:0;padding-left:0\">\n<div class=\"wp-block-group is-nowrap is-layout-flex wp-container-core-group-is-layout-2ca071df wp-block-group-is-layout-flex\" style=\"padding-top:0;padding-right:0;padding-bottom:0;padding-left:0\">\n<figure class=\"wp-block-image size-large wp-container-content-c42f3963 wp-duotone-primary-foreground\"><img decoding=\"async\" src=\"data:image\/svg+xml;base64,PHN2ZyB4bWxucz0iaHR0cDovL3d3dy53My5vcmcvMjAwMC9zdmciIHdpZHRoPSIyNCIgaGVpZ2h0PSIyNCIgZmlsbD0iIzAwMDAwMCIgdmlld0JveD0iMCAwIDI1NiAyNTYiPjxwYXRoIGQ9Ik0yMDgsMzJIMTg0VjI0YTgsOCwwLDAsMC0xNiwwdjhIODhWMjRhOCw4LDAsMCwwLTE2LDB2OEg0OEExNiwxNiwwLDAsMCwzMiw0OFYyMDhhMTYsMTYsMCwwLDAsMTYsMTZIMjA4YTE2LDE2LDAsMCwwLDE2LTE2VjQ4QTE2LDE2LDAsMCwwLDIwOCwzMlpNNzIsNDh2OGE4LDgsMCwwLDAsMTYsMFY0OGg4MHY4YTgsOCwwLDAsMCwxNiwwVjQ4aDI0VjgwSDQ4VjQ4Wk0yMDgsMjA4SDQ4Vjk2SDIwOFYyMDhabS02OC03NmExMiwxMiwwLDEsMS0xMi0xMkExMiwxMiwwLDAsMSwxNDAsMTMyWm00NCwwYTEyLDEyLDAsMSwxLTEyLTEyQTEyLDEyLDAsMCwxLDE4NCwxMzJaTTk2LDE3MmExMiwxMiwwLDEsMS0xMi0xMkExMiwxMiwwLDAsMSw5NiwxNzJabTQ0LDBhMTIsMTIsMCwxLDEtMTItMTJBMTIsMTIsMCwwLDEsMTQwLDE3MlptNDQsMGExMiwxMiwwLDEsMS0xMi0xMkExMiwxMiwwLDAsMSwxODQsMTcyWiI+PC9wYXRoPjwvc3ZnPg==\" alt=\"\"\/><\/figure>\n\n\n\n<p class=\"wp-container-content-9cfa9a5a\" style=\"font-size:clamp(14px, 0.875rem + ((1vw - 3.2px) * 0.417), 18px);\">Fecha:<\/p>\n<\/div>\n\n\n\n<div class=\"wp-block-group is-nowrap is-layout-flex wp-container-core-group-is-layout-2ca071df wp-block-group-is-layout-flex\" style=\"padding-top:0;padding-right:0;padding-bottom:0;padding-left:0\">\n<p class=\"wp-container-content-9cfa9a5a\" style=\"font-size:clamp(14px, 0.875rem + ((1vw - 3.2px) * 0.417), 18px);\"><\/p>\n<\/div>\n<\/div>\n\n\n\n<p style=\"margin-top:var(--wp--preset--spacing--20)\">Descripci\u00f3n del evento.<\/p>\n<\/div>\n\n\n\n<div class=\"wp-block-buttons is-content-justification-center is-layout-flex wp-container-core-buttons-is-layout-a89b3969 wp-block-buttons-is-layout-flex\">\n<div class=\"wp-block-button\"><a class=\"wp-block-button__link wp-element-button\">Ver entrevista<\/a><\/div>\n<\/div>\n<\/div><\/div>\n\n\n\n<div class=\"wp-block-media-text alignwide is-stacked-on-mobile is-image-fill-element is-style-ext-preset--media-text--natural-1--card-1 ext-animate--on has-tertiary-background-color has-background is-style-ext-preset--media-text--natural-1--card-1--5\" style=\"grid-template-columns:35% auto\"><figure class=\"wp-block-media-text__media\"><img loading=\"lazy\" decoding=\"async\" width=\"48\" height=\"48\" src=\"https:\/\/bookreviewstudiopro.com\/wp-content\/uploads\/2026\/02\/9e863a71525f4c4b9064e7f990b6010a766cbe26.jpg\" alt=\"\" class=\"wp-image-134 size-full\" style=\"object-position:50% 50%\" srcset=\"https:\/\/bookreviewstudiopro.com\/wp-content\/uploads\/2026\/02\/9e863a71525f4c4b9064e7f990b6010a766cbe26.jpg 48w, https:\/\/bookreviewstudiopro.com\/wp-content\/uploads\/2026\/02\/9e863a71525f4c4b9064e7f990b6010a766cbe26-12x12.jpg 12w\" sizes=\"auto, (max-width: 48px) 100vw, 48px\" \/><\/figure><div class=\"wp-block-media-text__content\">\n<div class=\"wp-block-group is-style-default has-global-padding is-layout-constrained wp-container-core-group-is-layout-a35945ca wp-block-group-is-layout-constrained\" style=\"padding-top:var(--wp--preset--spacing--30);padding-right:var(--wp--preset--spacing--30);padding-bottom:var(--wp--preset--spacing--30);padding-left:var(--wp--preset--spacing--30)\">\n<h3 class=\"wp-block-heading\" style=\"font-size:clamp(15.747px, 0.984rem + ((1vw - 3.2px) * 0.86), 24px);\">Autor\/a y obra<\/h3>\n\n\n\n<div class=\"wp-block-group is-nowrap is-layout-flex wp-container-core-group-is-layout-6fee25ed wp-block-group-is-layout-flex\" style=\"margin-top:24px;padding-top:0;padding-right:0;padding-bottom:0;padding-left:0\">\n<div class=\"wp-block-group is-nowrap is-layout-flex wp-container-core-group-is-layout-2ca071df wp-block-group-is-layout-flex\" style=\"padding-top:0;padding-right:0;padding-bottom:0;padding-left:0\">\n<figure class=\"wp-block-image size-large wp-container-content-c42f3963 wp-duotone-primary-foreground\"><img decoding=\"async\" src=\"data:image\/svg+xml;base64,PHN2ZyB4bWxucz0iaHR0cDovL3d3dy53My5vcmcvMjAwMC9zdmciIHdpZHRoPSIyNCIgaGVpZ2h0PSIyNCIgZmlsbD0iIzAwMDAwMCIgdmlld0JveD0iMCAwIDI1NiAyNTYiPjxwYXRoIGQ9Ik0yMDgsMzJIMTg0VjI0YTgsOCwwLDAsMC0xNiwwdjhIODhWMjRhOCw4LDAsMCwwLTE2LDB2OEg0OEExNiwxNiwwLDAsMCwzMiw0OFYyMDhhMTYsMTYsMCwwLDAsMTYsMTZIMjA4YTE2LDE2LDAsMCwwLDE2LTE2VjQ4QTE2LDE2LDAsMCwwLDIwOCwzMlpNNzIsNDh2OGE4LDgsMCwwLDAsMTYsMFY0OGg4MHY4YTgsOCwwLDAsMCwxNiwwVjQ4aDI0VjgwSDQ4VjQ4Wk0yMDgsMjA4SDQ4Vjk2SDIwOFYyMDhabS02OC03NmExMiwxMiwwLDEsMS0xMi0xMkExMiwxMiwwLDAsMSwxNDAsMTMyWm00NCwwYTEyLDEyLDAsMSwxLTEyLTEyQTEyLDEyLDAsMCwxLDE4NCwxMzJaTTk2LDE3MmExMiwxMiwwLDEsMS0xMi0xMkExMiwxMiwwLDAsMSw5NiwxNzJabTQ0LDBhMTIsMTIsMCwxLDEtMTItMTJBMTIsMTIsMCwwLDEsMTQwLDE3MlptNDQsMGExMiwxMiwwLDEsMS0xMi0xMkExMiwxMiwwLDAsMSwxODQsMTcyWiI+PC9wYXRoPjwvc3ZnPg==\" alt=\"\"\/><\/figure>\n\n\n\n<p class=\"wp-container-content-9cfa9a5a\" style=\"font-size:clamp(14px, 0.875rem + ((1vw - 3.2px) * 0.417), 18px);\">Fecha:<\/p>\n<\/div>\n\n\n\n<div class=\"wp-block-group is-nowrap is-layout-flex wp-container-core-group-is-layout-2ca071df wp-block-group-is-layout-flex\" style=\"padding-top:0;padding-right:0;padding-bottom:0;padding-left:0\">\n<p class=\"wp-container-content-9cfa9a5a\" style=\"font-size:clamp(14px, 0.875rem + ((1vw - 3.2px) * 0.417), 18px);\"><\/p>\n<\/div>\n<\/div>\n\n\n\n<p style=\"margin-top:var(--wp--preset--spacing--20)\">Descripci\u00f3n del evento.<\/p>\n\n\n\n<div class=\"wp-block-buttons is-content-justification-center is-layout-flex wp-container-core-buttons-is-layout-a89b3969 wp-block-buttons-is-layout-flex\">\n<div class=\"wp-block-button\"><a class=\"wp-block-button__link wp-element-button\">Ver entrevista<\/a><\/div>\n<\/div>\n<\/div>\n<\/div><\/div>\n<\/div>\n<\/div>\n\n\n\n<div class=\"wp-block-group alignfull is-style-ext-preset--group--natural-1--section has-background-background-color has-background has-global-padding is-layout-constrained wp-container-core-group-is-layout-e955bbaf wp-block-group-is-layout-constrained\" style=\"margin-top:0;margin-bottom:0;padding-top:var(--wp--preset--spacing--70);padding-bottom:var(--wp--preset--spacing--70)\"><\/div>","protected":false},"excerpt":{"rendered":"<p>Streaming PRO: La evoluci\u00f3n de la promoci\u00f3n literaria. Sum\u00e9rgete en el fascinante mundo de las charlas literarias y explora nuestra colecci\u00f3n exclusiva de entrevistas, donde autores\/as comparten sus conocimientos y experiencias con charlas y contenido literario \u00fanico. Escribir es un acto solitario, pero promocionar no tiene por qu\u00e9 serlo. Estrenamos nuestro nuevo servicio de Streaming [&hellip;]<\/p>\n","protected":false},"author":1,"featured_media":0,"parent":0,"menu_order":0,"comment_status":"closed","ping_status":"closed","template":"page-with-title","meta":{"om_disable_all_campaigns":false,"_monsterinsights_skip_tracking":false,"_monsterinsights_sitenote_active":false,"_monsterinsights_sitenote_note":"","_monsterinsights_sitenote_category":0,"_uf_show_specific_survey":0,"_uf_disable_surveys":false,"footnotes":""},"class_list":["post-308","page","type-page","status-publish","hentry"],"aioseo_notices":[],"_links":{"self":[{"href":"https:\/\/bookreviewstudiopro.com\/en\/wp-json\/wp\/v2\/pages\/308","targetHints":{"allow":["GET"]}}],"collection":[{"href":"https:\/\/bookreviewstudiopro.com\/en\/wp-json\/wp\/v2\/pages"}],"about":[{"href":"https:\/\/bookreviewstudiopro.com\/en\/wp-json\/wp\/v2\/types\/page"}],"author":[{"embeddable":true,"href":"https:\/\/bookreviewstudiopro.com\/en\/wp-json\/wp\/v2\/users\/1"}],"replies":[{"embeddable":true,"href":"https:\/\/bookreviewstudiopro.com\/en\/wp-json\/wp\/v2\/comments?post=308"}],"version-history":[{"count":30,"href":"https:\/\/bookreviewstudiopro.com\/en\/wp-json\/wp\/v2\/pages\/308\/revisions"}],"predecessor-version":[{"id":416,"href":"https:\/\/bookreviewstudiopro.com\/en\/wp-json\/wp\/v2\/pages\/308\/revisions\/416"}],"wp:attachment":[{"href":"https:\/\/bookreviewstudiopro.com\/en\/wp-json\/wp\/v2\/media?parent=308"}],"curies":[{"name":"wp","href":"https:\/\/api.w.org\/{rel}","templated":true}]}}