{"id":28,"date":"2026-02-26T13:01:31","date_gmt":"2026-02-26T13:01:31","guid":{"rendered":"https:\/\/bookreviewstudiopro.com\/inicio\/"},"modified":"2026-04-10T20:28:14","modified_gmt":"2026-04-10T20:28:14","slug":"bienvenidos","status":"publish","type":"page","link":"https:\/\/bookreviewstudiopro.com\/en\/","title":{"rendered":"Bienvenidos"},"content":{"rendered":"<div class=\"wp-block-group alignfull is-style-ext-preset--group--natural-1--section z-0 has-background-background-color has-background has-global-padding is-layout-constrained wp-block-group-is-layout-constrained\" style=\"margin-top:0;margin-bottom:0;padding-top:var(--wp--preset--spacing--50);padding-bottom:var(--wp--preset--spacing--70)\">\n<div class=\"wp-block-group alignwide z-10 has-global-padding is-layout-constrained wp-block-group-is-layout-constrained\" style=\"margin-bottom:-220px\">\n<div class=\"wp-block-columns alignwide are-vertically-aligned-top is-layout-flex wp-container-core-columns-is-layout-e5a65cde wp-block-columns-is-layout-flex\">\n<div class=\"wp-block-column is-vertically-aligned-top ext-animate--on is-layout-flow wp-block-column-is-layout-flow\" style=\"flex-basis:768px\">\n<div class=\"wp-block-group is-style-ext-preset--group--natural-1--item-card-1--align-start has-global-padding is-layout-constrained wp-container-core-group-is-layout-639b5052 wp-block-group-is-layout-constrained is-style-ext-preset--group--natural-1--item-card-1--align-start--2\" style=\"border-style:none;border-width:0px;border-top-left-radius:0px;border-top-right-radius:0px;border-bottom-left-radius:0px;padding-top:0;padding-right:0;padding-bottom:0;padding-left:0;box-shadow:none\">\n<div class=\"wp-block-group alignwide has-tertiary-background-color has-background has-global-padding is-layout-constrained wp-container-core-group-is-layout-e41fb82e wp-block-group-is-layout-constrained\" style=\"padding-top:var(--wp--preset--spacing--40);padding-right:var(--wp--preset--spacing--40);padding-bottom:var(--wp--preset--spacing--50);padding-left:var(--wp--preset--spacing--40)\">\n<h2 class=\"wp-block-heading has-xx-large-font-size\">Quienes somos.<\/h2>\n\n\n\n<p><strong>Book Review Studio PRO<\/strong> es un equipo especializado en an\u00e1lisis literario profesional que combina rigor cr\u00edtico, sensibilidad art\u00edstica y visi\u00f3n estrat\u00e9gica. Ofrecemos servicios de alta calidad, rese\u00f1as, informes personalizados en profundidad, valoraciones editoriales fundamentadas y servicios de difusi\u00f3n orientados a potenciar la proyecci\u00f3n de cada obra.<\/p>\n\n\n\n<p>Acompa\u00f1amos a autores independientes y emergentes en el fortalecimiento de su propuesta literaria, ayud\u00e1ndoles a identificar el verdadero valor de sus creaciones y a posicionarlas con solidez dentro del mercado editorial actual.<\/p>\n<\/div>\n<\/div>\n<\/div>\n\n\n\n<div class=\"wp-block-column is-vertically-aligned-top ext-animate--on is-layout-flow wp-block-column-is-layout-flow\" style=\"padding-bottom:var(--wp--preset--spacing--40)\">\n<div class=\"wp-block-group alignwide d-none lg-d-block ext-animate--off has-global-padding is-content-justification-right is-layout-constrained wp-container-core-group-is-layout-715a322d wp-block-group-is-layout-constrained\">\n<hr class=\"wp-block-separator has-alpha-channel-opacity\"\/>\n<\/div>\n<\/div>\n<\/div>\n<\/div>\n\n\n\n<div class=\"wp-block-group alignwide ext-animate--on has-global-padding is-layout-constrained wp-container-core-group-is-layout-79971806 wp-block-group-is-layout-constrained\" style=\"padding-left:var(--wp--preset--spacing--70)\">\n<div class=\"wp-block-cover alignwide is-style-ext-preset--image--natural-1--image-1--content-right is-style-ext-preset--image--natural-1--image-1--content-right--4\"><img loading=\"lazy\" decoding=\"async\" width=\"1440\" height=\"960\" class=\"wp-block-cover__image-background wp-image-75\" alt=\"\" src=\"https:\/\/bookreviewstudiopro.com\/wp-content\/uploads\/2026\/02\/28d33cc5e67953971c52df78a1b2f99216df9d1f.jpg\" data-object-fit=\"cover\" srcset=\"https:\/\/bookreviewstudiopro.com\/wp-content\/uploads\/2026\/02\/28d33cc5e67953971c52df78a1b2f99216df9d1f.jpg 1440w, https:\/\/bookreviewstudiopro.com\/wp-content\/uploads\/2026\/02\/28d33cc5e67953971c52df78a1b2f99216df9d1f-300x200.jpg 300w, https:\/\/bookreviewstudiopro.com\/wp-content\/uploads\/2026\/02\/28d33cc5e67953971c52df78a1b2f99216df9d1f-1024x683.jpg 1024w, https:\/\/bookreviewstudiopro.com\/wp-content\/uploads\/2026\/02\/28d33cc5e67953971c52df78a1b2f99216df9d1f-768x512.jpg 768w, https:\/\/bookreviewstudiopro.com\/wp-content\/uploads\/2026\/02\/28d33cc5e67953971c52df78a1b2f99216df9d1f-18x12.jpg 18w\" sizes=\"auto, (max-width: 1440px) 100vw, 1440px\" \/><span aria-hidden=\"true\" class=\"wp-block-cover__background has-background-dim-0 has-background-dim\"><\/span><div class=\"wp-block-cover__inner-container is-layout-flow wp-block-cover-is-layout-flow\">\n<div style=\"height:400px\" aria-hidden=\"true\" class=\"wp-block-spacer\"><\/div>\n<\/div><\/div>\n<\/div>\n<\/div>\n\n\n\n<div class=\"wp-block-group alignfull is-style-ext-preset--group--natural-1--section has-tertiary-background-color has-background has-global-padding is-layout-constrained wp-block-group-is-layout-constrained\" id=\"acerca-de\" style=\"margin-top:0;margin-bottom:0;padding-top:var(--wp--preset--spacing--70);padding-bottom:var(--wp--preset--spacing--70)\">\n<div class=\"wp-block-columns alignwide are-vertically-aligned-center is-layout-flex wp-container-core-columns-is-layout-174606dc wp-block-columns-is-layout-flex\">\n<div class=\"wp-block-column is-vertically-aligned-center is-layout-flow wp-block-column-is-layout-flow\">\n<h2 class=\"wp-block-heading ext-animate--on\">Rese\u00f1as literarias que impulsan tu \u00e9xito<\/h2>\n\n\n\n<p class=\"ext-animate--on\" style=\"margin-top:1.5rem\">Nuestras rese\u00f1as literarias PRO est\u00e1n dise\u00f1adas para potenciar la visibilidad, credibilidad y posicionamiento de tu libro en el mercado editorial. Realizamos cr\u00edticas literarias rigurosas, an\u00e1lisis editorial estrat\u00e9gico y evaluaciones fundamentadas que refuerzan la marca personal del autor y mejoran la proyecci\u00f3n de la obra en entornos digitales y redes sociales.<\/p>\n\n\n\n<p class=\"ext-animate--on\" style=\"margin-top:1.5rem\">A trav\u00e9s de un enfoque profesional en an\u00e1lisis narrativo, calidad literaria y posicionamiento online, ayudamos a que tu libro gane autoridad, atraiga lectores y destaque dentro del competitivo mundo de la autopublicaci\u00f3n y la publicaci\u00f3n independiente.<\/p>\n<\/div>\n\n\n\n<div class=\"wp-block-column is-vertically-aligned-center is-layout-flow wp-block-column-is-layout-flow\">\n<figure class=\"wp-block-image is-style-ext-preset--image--natural-1--image-1--content-left ext-animate--on is-style-ext-preset--image--natural-1--image-1--content-left--6\"><img loading=\"lazy\" decoding=\"async\" width=\"960\" height=\"1440\" src=\"https:\/\/bookreviewstudiopro.com\/wp-content\/uploads\/2026\/02\/6f68db30f96801000d661cfff7468a3ce81e0234.jpg\" alt=\"\" class=\"wp-image-53\" style=\"aspect-ratio:1;object-fit:cover\" srcset=\"https:\/\/bookreviewstudiopro.com\/wp-content\/uploads\/2026\/02\/6f68db30f96801000d661cfff7468a3ce81e0234.jpg 960w, https:\/\/bookreviewstudiopro.com\/wp-content\/uploads\/2026\/02\/6f68db30f96801000d661cfff7468a3ce81e0234-200x300.jpg 200w, https:\/\/bookreviewstudiopro.com\/wp-content\/uploads\/2026\/02\/6f68db30f96801000d661cfff7468a3ce81e0234-683x1024.jpg 683w, https:\/\/bookreviewstudiopro.com\/wp-content\/uploads\/2026\/02\/6f68db30f96801000d661cfff7468a3ce81e0234-768x1152.jpg 768w, https:\/\/bookreviewstudiopro.com\/wp-content\/uploads\/2026\/02\/6f68db30f96801000d661cfff7468a3ce81e0234-8x12.jpg 8w\" sizes=\"auto, (max-width: 960px) 100vw, 960px\" \/><\/figure>\n<\/div>\n<\/div>\n<\/div>\n\n\n\n<div class=\"wp-block-group alignfull is-style-ext-preset--group--natural-1--section has-background-background-color has-background has-global-padding is-layout-constrained wp-container-core-group-is-layout-e955bbaf wp-block-group-is-layout-constrained\" style=\"margin-top:0;margin-bottom:0;padding-top:var(--wp--preset--spacing--70);padding-bottom:var(--wp--preset--spacing--70)\">\n<div class=\"wp-block-group alignwide ext-is-logical-start has-global-padding is-content-justification-left is-layout-constrained wp-container-core-group-is-layout-6729bdbe wp-block-group-is-layout-constrained\">\n<h2 class=\"wp-block-heading ext-animate--on\">Impulsa tu Visibilidad con An\u00e1lisis Literarios PRO<\/h2>\n\n\n\n<p class=\"has-text-align-left ext-animate--on\">Fortalece tu libro con un an\u00e1lisis literario profesional que mejora su calidad, proyecci\u00f3n y posicionamiento en el mercado editorial. Evaluamos narrativa, estructura y potencial comercial para ayudarte a destacar como autor y aumentar la visibilidad de tu obra con criterio y estrategia.<\/p>\n\n\n\n<p>Difusi\u00f3n a trav\u00e9s de la alianza editorial con @Sergibooks con m\u00e1s de 12.000 followers.<\/p>\n<\/div>\n\n\n\n<div class=\"wp-block-columns alignwide is-layout-flex wp-container-core-columns-is-layout-174606dc wp-block-columns-is-layout-flex\">\n<div class=\"wp-block-column is-vertically-aligned-stretch ext-animate--on is-layout-flow wp-container-core-column-is-layout-119bc444 wp-block-column-is-layout-flow\">\n<div class=\"wp-block-cover is-style-ext-preset--image--natural-1--image-1--content-right is-style-ext-preset--image--natural-1--image-1--content-right--8\" style=\"padding-top:0;padding-bottom:0;min-height:100%;aspect-ratio:unset;\"><img loading=\"lazy\" decoding=\"async\" width=\"961\" height=\"1440\" class=\"wp-block-cover__image-background wp-image-50\" alt=\"\" src=\"https:\/\/bookreviewstudiopro.com\/wp-content\/uploads\/2026\/02\/9141305a279a0db62d2ca7c7261d8647494a180c.jpg\" data-object-fit=\"cover\" srcset=\"https:\/\/bookreviewstudiopro.com\/wp-content\/uploads\/2026\/02\/9141305a279a0db62d2ca7c7261d8647494a180c.jpg 961w, https:\/\/bookreviewstudiopro.com\/wp-content\/uploads\/2026\/02\/9141305a279a0db62d2ca7c7261d8647494a180c-200x300.jpg 200w, https:\/\/bookreviewstudiopro.com\/wp-content\/uploads\/2026\/02\/9141305a279a0db62d2ca7c7261d8647494a180c-683x1024.jpg 683w, https:\/\/bookreviewstudiopro.com\/wp-content\/uploads\/2026\/02\/9141305a279a0db62d2ca7c7261d8647494a180c-768x1151.jpg 768w, https:\/\/bookreviewstudiopro.com\/wp-content\/uploads\/2026\/02\/9141305a279a0db62d2ca7c7261d8647494a180c-8x12.jpg 8w\" sizes=\"auto, (max-width: 961px) 100vw, 961px\" \/><span aria-hidden=\"true\" class=\"wp-block-cover__background has-background-dim-0 has-background-dim\"><\/span><div class=\"wp-block-cover__inner-container is-layout-flow wp-block-cover-is-layout-flow\">\n<div style=\"height:240px\" aria-hidden=\"true\" class=\"wp-block-spacer\"><\/div>\n<\/div><\/div>\n<\/div>\n\n\n\n<div class=\"wp-block-column is-vertically-aligned-center is-layout-flow wp-block-column-is-layout-flow\">\n<div class=\"wp-block-group is-style-ext-preset--group--natural-1--item-card-1--align-start ext-animate--on has-global-padding is-layout-constrained wp-block-group-is-layout-constrained is-style-ext-preset--group--natural-1--item-card-1--align-start--9\">\n<div class=\"wp-block-group is-style-default has-global-padding is-layout-constrained wp-block-group-is-layout-constrained\">\n<div class=\"wp-block-group is-nowrap is-layout-flex wp-container-core-group-is-layout-64fa2afa wp-block-group-is-layout-flex\" style=\"padding-top:0;padding-right:0;padding-bottom:0;padding-left:0\">\n<figure class=\"wp-block-image size-large ext-aspect-landscape wp-duotone-primary-foreground\"><img decoding=\"async\" src=\"data:image\/svg+xml;base64,PHN2ZyB4bWxucz0iaHR0cDovL3d3dy53My5vcmcvMjAwMC9zdmciIHdpZHRoPSI0OCIgaGVpZ2h0PSI0OCIgZmlsbD0iIzAwMDAwMCIgdmlld0JveD0iMCAwIDI1NiAyNTYiPjxwYXRoIGQ9Ik0xNzIsNzZhNDQsNDQsMCwxLDAtNDQsNDRBNDQuMDUsNDQuMDUsMCwwLDAsMTcyLDc2Wm0tNDQsMjhhMjgsMjgsMCwxLDEsMjgtMjhBMjgsMjgsMCwwLDEsMTI4LDEwNFptNjAsMjRhNDQsNDQsMCwxLDAsNDQsNDRBNDQuMDUsNDQuMDUsMCwwLDAsMTg4LDEyOFptMCw3MmEyOCwyOCwwLDEsMSwyOC0yOEEyOCwyOCwwLDAsMSwxODgsMjAwWk02OCwxMjhhNDQsNDQsMCwxLDAsNDQsNDRBNDQuMDUsNDQuMDUsMCwwLDAsNjgsMTI4Wm0wLDcyYTI4LDI4LDAsMSwxLDI4LTI4QTI4LDI4LDAsMCwxLDY4LDIwMFoiPjwvcGF0aD48L3N2Zz4=\" alt=\"\" style=\"object-fit:cover\"\/><\/figure>\n\n\n\n<div class=\"wp-block-group wp-container-content-958eb9dc has-global-padding is-layout-constrained wp-container-core-group-is-layout-c06d165c wp-block-group-is-layout-constrained\" style=\"padding-top:0;padding-right:0;padding-bottom:0;padding-left:0\">\n<h3 class=\"wp-block-heading\">Rese\u00f1as Personalizadas<\/h3>\n\n\n\n<p>Recibe evaluaciones objetivas que realzan las fortalezas de tus obras, facilitando una promoci\u00f3n eficaz y reconocimiento estrat\u00e9gico.<\/p>\n<\/div>\n<\/div>\n<\/div>\n<\/div>\n\n\n\n<div class=\"wp-block-group is-style-ext-preset--group--natural-1--item-card-1--align-start ext-animate--on has-global-padding is-layout-constrained wp-block-group-is-layout-constrained is-style-ext-preset--group--natural-1--item-card-1--align-start--10\">\n<div class=\"wp-block-group is-style-default has-global-padding is-layout-constrained wp-block-group-is-layout-constrained\">\n<div class=\"wp-block-group is-nowrap is-layout-flex wp-container-core-group-is-layout-64fa2afa wp-block-group-is-layout-flex\" style=\"padding-top:0;padding-right:0;padding-bottom:0;padding-left:0\">\n<figure class=\"wp-block-image size-large ext-aspect-landscape wp-duotone-primary-foreground\"><img decoding=\"async\" src=\"data:image\/svg+xml;base64,PHN2ZyB4bWxucz0iaHR0cDovL3d3dy53My5vcmcvMjAwMC9zdmciIHdpZHRoPSI0OCIgaGVpZ2h0PSI0OCIgZmlsbD0iIzAwMDAwMCIgdmlld0JveD0iMCAwIDI1NiAyNTYiPjxwYXRoIGQ9Ik04MCw0MGE0MCw0MCwwLDEsMCw0MCw0MEE0MCw0MCwwLDAsMCw4MCw0MFptMCw2NGEyNCwyNCwwLDEsMSwyNC0yNEEyNCwyNCwwLDAsMSw4MCwxMDRabTk2LDE2YTQwLDQwLDAsMSwwLTQwLTQwQTQwLDQwLDAsMCwwLDE3NiwxMjBabTAtNjRhMjQsMjQsMCwxLDEtMjQsMjRBMjQsMjQsMCwwLDEsMTc2LDU2Wk04MCwxMzZhNDAsNDAsMCwxLDAsNDAsNDBBNDAsNDAsMCwwLDAsODAsMTM2Wm0wLDY0YTI0LDI0LDAsMSwxLDI0LTI0QTI0LDI0LDAsMCwxLDgwLDIwMFptOTYtNjRhNDAsNDAsMCwxLDAsNDAsNDBBNDAsNDAsMCwwLDAsMTc2LDEzNlptMCw2NGEyNCwyNCwwLDEsMSwyNC0yNEEyNCwyNCwwLDAsMSwxNzYsMjAwWiI+PC9wYXRoPjwvc3ZnPg==\" alt=\"\" style=\"object-fit:cover\"\/><\/figure>\n\n\n\n<div class=\"wp-block-group wp-container-content-958eb9dc has-global-padding is-layout-constrained wp-container-core-group-is-layout-c06d165c wp-block-group-is-layout-constrained\" style=\"padding-top:0;padding-right:0;padding-bottom:0;padding-left:0\">\n<h3 class=\"wp-block-heading\">An\u00e1lisis Literarios Profundos<\/h3>\n\n\n\n<p>An\u00e1lisis cr\u00edticos y reportes personalizados: Informes detallados sobre el contenido y estructura de tus obras.<\/p>\n\n\n\n<p>Valoraci\u00f3n editorial: Evaluaci\u00f3n profesional del potencial de la obra.<\/p>\n<\/div>\n<\/div>\n<\/div>\n<\/div>\n\n\n\n<div class=\"wp-block-group is-style-ext-preset--group--natural-1--item-card-1--align-start ext-animate--on has-global-padding is-layout-constrained wp-block-group-is-layout-constrained is-style-ext-preset--group--natural-1--item-card-1--align-start--11\">\n<div class=\"wp-block-group is-style-default has-global-padding is-layout-constrained wp-block-group-is-layout-constrained\">\n<div class=\"wp-block-group is-nowrap is-layout-flex wp-container-core-group-is-layout-64fa2afa wp-block-group-is-layout-flex\" style=\"padding-top:0;padding-right:0;padding-bottom:0;padding-left:0\">\n<figure class=\"wp-block-image size-large ext-aspect-landscape wp-duotone-primary-foreground\"><img decoding=\"async\" src=\"data:image\/svg+xml;base64,PHN2ZyB4bWxucz0iaHR0cDovL3d3dy53My5vcmcvMjAwMC9zdmciIHdpZHRoPSI0OCIgaGVpZ2h0PSI0OCIgZmlsbD0iIzAwMDAwMCIgdmlld0JveD0iMCAwIDI1NiAyNTYiPjxwYXRoIGQ9Ik04MCw0MGE0MCw0MCwwLDEsMCw0MCw0MEE0MCw0MCwwLDAsMCw4MCw0MFptMCw2NGEyNCwyNCwwLDEsMSwyNC0yNEEyNCwyNCwwLDAsMSw4MCwxMDRabTk2LDE2YTQwLDQwLDAsMSwwLTQwLTQwQTQwLDQwLDAsMCwwLDE3NiwxMjBabTAtNjRhMjQsMjQsMCwxLDEtMjQsMjRBMjQsMjQsMCwwLDEsMTc2LDU2Wk04MCwxMzZhNDAsNDAsMCwxLDAsNDAsNDBBNDAsNDAsMCwwLDAsODAsMTM2Wm0wLDY0YTI0LDI0LDAsMSwxLDI0LTI0QTI0LDI0LDAsMCwxLDgwLDIwMFptMTM2LTI0YTgsOCwwLDAsMS04LDhIMTg0djI0YTgsOCwwLDAsMS0xNiwwVjE4NEgxNDRhOCw4LDAsMCwxLDAtMTZoMjRWMTQ0YTgsOCwwLDAsMSwxNiwwdjI0aDI0QTgsOCwwLDAsMSwyMTYsMTc2WiI+PC9wYXRoPjwvc3ZnPg==\" alt=\"\" style=\"object-fit:cover\"\/><\/figure>\n\n\n\n<div class=\"wp-block-group wp-container-content-958eb9dc has-global-padding is-layout-constrained wp-container-core-group-is-layout-c06d165c wp-block-group-is-layout-constrained\" style=\"padding-top:0;padding-right:0;padding-bottom:0;padding-left:0\">\n<h3 class=\"wp-block-heading\">Difusi\u00f3n de obras<\/h3>\n\n\n\n<p>Apoyo para dar a conocer vuestros libros.<br>Asesor\u00eda a autores independientes.           Gu\u00eda personalizada para escritores.<br>Brindamos excelencia y rigor literario.<\/p>\n<\/div>\n<\/div>\n<\/div>\n<\/div>\n<\/div>\n<\/div>\n<\/div>\n\n\n\n<div class=\"wp-block-group alignfull is-style-ext-preset--group--natural-1--section ext-animate--off has-tertiary-background-color has-background has-global-padding is-layout-constrained wp-block-group-is-layout-constrained\" id=\"contacto\" style=\"margin-top:0;margin-bottom:0;padding-top:var(--wp--preset--spacing--70);padding-bottom:var(--wp--preset--spacing--70)\">\n<div class=\"wp-block-media-text alignwide is-stacked-on-mobile is-image-fill-element is-style-ext-preset--media-text--natural-1--card-1 ext-animate--on has-background-background-color has-background is-style-ext-preset--media-text--natural-1--card-1--13\" style=\"grid-template-columns:52% auto\"><figure class=\"wp-block-media-text__media\"><img loading=\"lazy\" decoding=\"async\" width=\"1536\" height=\"1024\" src=\"https:\/\/bookreviewstudiopro.com\/wp-content\/uploads\/2026\/02\/ed5b1abe-da74-4152-90dd-2fb5b24c9337-1.jpeg\" alt=\"\" class=\"wp-image-58 size-full\" style=\"object-position:50% 50%\"\/><\/figure><div class=\"wp-block-media-text__content\">\n<p>Email contacto : dpto_comercial@bookreviewstudiopro.com<\/p>\n\n\n\n<p>S\u00edguenos en nuestras redes <\/p>\n\n\n\n<p>\u00a9Book Review Studio PRO 2026 &#8211; \u00abTodos los derechos reservados\u00bb<\/p>\n<\/div><\/div>\n<\/div>","protected":false},"excerpt":{"rendered":"<p>Quienes somos. Book Review Studio PRO es un equipo especializado en an\u00e1lisis literario profesional que combina rigor cr\u00edtico, sensibilidad art\u00edstica y visi\u00f3n estrat\u00e9gica. Ofrecemos servicios de alta calidad, rese\u00f1as, informes personalizados en profundidad, valoraciones editoriales fundamentadas y servicios de difusi\u00f3n orientados a potenciar la proyecci\u00f3n de cada obra. Acompa\u00f1amos a autores independientes y emergentes en [&hellip;]<\/p>\n","protected":false},"author":1,"featured_media":0,"parent":0,"menu_order":0,"comment_status":"closed","ping_status":"closed","template":"no-title","meta":{"om_disable_all_campaigns":false,"_monsterinsights_skip_tracking":false,"_monsterinsights_sitenote_active":false,"_monsterinsights_sitenote_note":"","_monsterinsights_sitenote_category":0,"_uf_show_specific_survey":0,"_uf_disable_surveys":false,"footnotes":""},"class_list":["post-28","page","type-page","status-publish","hentry"],"aioseo_notices":[],"_links":{"self":[{"href":"https:\/\/bookreviewstudiopro.com\/en\/wp-json\/wp\/v2\/pages\/28","targetHints":{"allow":["GET"]}}],"collection":[{"href":"https:\/\/bookreviewstudiopro.com\/en\/wp-json\/wp\/v2\/pages"}],"about":[{"href":"https:\/\/bookreviewstudiopro.com\/en\/wp-json\/wp\/v2\/types\/page"}],"author":[{"embeddable":true,"href":"https:\/\/bookreviewstudiopro.com\/en\/wp-json\/wp\/v2\/users\/1"}],"replies":[{"embeddable":true,"href":"https:\/\/bookreviewstudiopro.com\/en\/wp-json\/wp\/v2\/comments?post=28"}],"version-history":[{"count":16,"href":"https:\/\/bookreviewstudiopro.com\/en\/wp-json\/wp\/v2\/pages\/28\/revisions"}],"predecessor-version":[{"id":432,"href":"https:\/\/bookreviewstudiopro.com\/en\/wp-json\/wp\/v2\/pages\/28\/revisions\/432"}],"wp:attachment":[{"href":"https:\/\/bookreviewstudiopro.com\/en\/wp-json\/wp\/v2\/media?parent=28"}],"curies":[{"name":"wp","href":"https:\/\/api.w.org\/{rel}","templated":true}]}}