{"id":26,"date":"2026-02-26T13:01:30","date_gmt":"2026-02-26T13:01:30","guid":{"rendered":"https:\/\/bookreviewstudiopro.com\/galeria\/"},"modified":"2026-04-16T09:48:58","modified_gmt":"2026-04-16T09:48:58","slug":"autores","status":"publish","type":"page","link":"https:\/\/bookreviewstudiopro.com\/en\/autores\/","title":{"rendered":"Conoce a nuestros autores"},"content":{"rendered":"<div class=\"wp-block-group alignfull is-style-ext-preset--group--natural-1--section has-background-background-color has-background has-global-padding is-layout-constrained wp-container-core-group-is-layout-e955bbaf wp-block-group-is-layout-constrained\" style=\"margin-top:0;margin-bottom:0;padding-top:var(--wp--preset--spacing--70);padding-bottom:var(--wp--preset--spacing--70)\">\n<h2 class=\"wp-block-heading has-text-align-center ext-animate--on\">Talento, excelencia literaria y visi\u00f3n internacional<\/h2>\n\n\n\n<p class=\"has-text-align-left ext-animate--on\" style=\"margin-top:1.5rem\">En <strong>Book Review Studio PRO<\/strong> creemos en la literatura con identidad, profundidad y proyecci\u00f3n global. Esta secci\u00f3n est\u00e1 dedicada a nuestros autores: voces aut\u00e9nticas que construyen universos narrativos s\u00f3lidos, pensamiento cr\u00edtico y obras con impacto real en el lector contempor\u00e1neo.<\/p>\n\n\n\n<p class=\"has-text-align-left ext-animate--on\" style=\"margin-top:1.5rem\">Nuestros escritores no solo publican libros; construyen pensamiento, crean cultura y generan di\u00e1logo. <\/p>\n\n\n\n<p class=\"has-text-align-left ext-animate--on\" style=\"margin-top:1.5rem\">Apostamos por una literatura consciente, intelectual, estrat\u00e9gica y emocional, capaz de trascender fronteras y conectar con lectores.<\/p>\n\n\n\n<p class=\"has-text-align-left ext-animate--on\" style=\"margin-top:1.5rem\">Si buscas autores con personalidad, obras con arquitectura conceptual s\u00f3lida y una apuesta real por la calidad literaria, est\u00e1s en el lugar adecuado.<\/p>\n\n\n\n<p class=\"has-text-align-left ext-animate--on\" style=\"margin-top:1.5rem\">Bienvenido al espacio donde la literatura no es tendencia pasajera, sino legado.<\/p>\n\n\n\n<div class=\"wp-block-columns alignwide is-layout-flex wp-container-core-columns-is-layout-08c01c1c wp-block-columns-is-layout-flex\">\n<div class=\"wp-block-column ext-animate--on is-layout-flow wp-block-column-is-layout-flow\">\n<div class=\"wp-block-group is-style-ext-preset--group--natural-1--item-card-1--align-center has-global-padding is-layout-constrained wp-block-group-is-layout-constrained is-style-ext-preset--group--natural-1--item-card-1--align-center--2\">\n<figure class=\"wp-block-gallery has-nested-images columns-default is-cropped wp-block-gallery-3 is-layout-flex wp-block-gallery-is-layout-flex\">\n<figure class=\"wp-block-image size-full is-style-default\"><img loading=\"lazy\" decoding=\"async\" width=\"500\" height=\"500\" data-id=\"250\" src=\"https:\/\/bookreviewstudiopro.com\/wp-content\/uploads\/2026\/03\/Maryory-2.png\" alt=\"\" class=\"wp-image-250\" style=\"object-fit:cover\"\/><\/figure>\n<\/figure>\n\n\n\n<div class=\"wp-block-group is-style-default has-global-padding is-layout-constrained wp-block-group-is-layout-constrained\">\n<h3 class=\"wp-block-heading has-text-align-center\">Maryory Egleed Lamadrid<\/h3>\n\n\n\n<p>\u00abLas Magnolias de Amy\u00bb<\/p>\n\n\n\n<div class=\"wp-block-buttons is-content-justification-center is-layout-flex wp-container-core-buttons-is-layout-a89b3969 wp-block-buttons-is-layout-flex\">\n<div class=\"wp-block-button\"><a class=\"wp-block-button__link wp-element-button\" href=\"https:\/\/bookreviewstudiopro.com\/en\/biografia-maryory-egleed-lamadrid\/\" target=\"_blank\" rel=\"noreferrer noopener\">Biograf\u00eda<\/a><\/div>\n<\/div>\n<\/div>\n<\/div>\n<\/div>\n\n\n\n<div class=\"wp-block-column ext-animate--on is-layout-flow wp-block-column-is-layout-flow\">\n<div class=\"wp-block-group is-style-ext-preset--group--natural-1--item-card-1--align-center has-global-padding is-layout-constrained wp-block-group-is-layout-constrained is-style-ext-preset--group--natural-1--item-card-1--align-center--4\">\n<figure class=\"wp-block-gallery has-nested-images columns-default is-cropped wp-block-gallery-5 is-layout-flex wp-block-gallery-is-layout-flex\">\n<figure class=\"wp-block-image size-full is-style-default\"><img loading=\"lazy\" decoding=\"async\" width=\"500\" height=\"500\" data-id=\"255\" src=\"https:\/\/bookreviewstudiopro.com\/wp-content\/uploads\/2026\/03\/ricardo-1.png\" alt=\"\" class=\"wp-image-255\" style=\"object-fit:cover\" srcset=\"https:\/\/bookreviewstudiopro.com\/wp-content\/uploads\/2026\/03\/ricardo-1.png 500w, https:\/\/bookreviewstudiopro.com\/wp-content\/uploads\/2026\/03\/ricardo-1-300x300.png 300w, https:\/\/bookreviewstudiopro.com\/wp-content\/uploads\/2026\/03\/ricardo-1-150x150.png 150w, https:\/\/bookreviewstudiopro.com\/wp-content\/uploads\/2026\/03\/ricardo-1-12x12.png 12w\" sizes=\"auto, (max-width: 500px) 100vw, 500px\" \/><\/figure>\n<\/figure>\n\n\n\n<div class=\"wp-block-group is-style-default has-global-padding is-layout-constrained wp-block-group-is-layout-constrained\">\n<h3 class=\"wp-block-heading has-text-align-center\">Ricardo Mester<\/h3>\n\n\n\n<p>\u00abBendito T\u00fa que traes la noche\u00bb Tomos I y II<\/p>\n\n\n\n<div class=\"wp-block-buttons is-content-justification-center is-layout-flex wp-container-core-buttons-is-layout-a89b3969 wp-block-buttons-is-layout-flex\">\n<div class=\"wp-block-button\"><a class=\"wp-block-button__link wp-element-button\" href=\"https:\/\/bookreviewstudiopro.com\/en\/biografia-ricardo-mester\/\" target=\"_blank\" rel=\"noreferrer noopener\">Biograf\u00eda<\/a><\/div>\n<\/div>\n<\/div>\n<\/div>\n<\/div>\n\n\n\n<div class=\"wp-block-column ext-animate--on is-layout-flow wp-block-column-is-layout-flow\">\n<div class=\"wp-block-group is-style-ext-preset--group--natural-1--item-card-1--align-center has-global-padding is-layout-constrained wp-block-group-is-layout-constrained is-style-ext-preset--group--natural-1--item-card-1--align-center--6\">\n<figure class=\"wp-block-gallery has-nested-images columns-default is-cropped wp-block-gallery-7 is-layout-flex wp-block-gallery-is-layout-flex\">\n<figure class=\"wp-block-image size-full is-style-default\"><img loading=\"lazy\" decoding=\"async\" width=\"500\" height=\"500\" data-id=\"445\" src=\"https:\/\/bookreviewstudiopro.com\/wp-content\/uploads\/2026\/04\/AUTORES-WEB-1.png\" alt=\"\" class=\"wp-image-445\" style=\"object-fit:cover\" srcset=\"https:\/\/bookreviewstudiopro.com\/wp-content\/uploads\/2026\/04\/AUTORES-WEB-1.png 500w, https:\/\/bookreviewstudiopro.com\/wp-content\/uploads\/2026\/04\/AUTORES-WEB-1-300x300.png 300w, https:\/\/bookreviewstudiopro.com\/wp-content\/uploads\/2026\/04\/AUTORES-WEB-1-150x150.png 150w, https:\/\/bookreviewstudiopro.com\/wp-content\/uploads\/2026\/04\/AUTORES-WEB-1-12x12.png 12w\" sizes=\"auto, (max-width: 500px) 100vw, 500px\" \/><\/figure>\n<\/figure>\n\n\n\n<div class=\"wp-block-group is-style-default has-global-padding is-layout-constrained wp-block-group-is-layout-constrained\">\n<h3 class=\"wp-block-heading has-text-align-center\">Victoria-Alina Stan<\/h3>\n\n\n\n<p class=\"has-text-align-center\">\u00ab10\u00bb<\/p>\n\n\n\n<div class=\"wp-block-buttons is-content-justification-center is-layout-flex wp-container-core-buttons-is-layout-a89b3969 wp-block-buttons-is-layout-flex\">\n<div class=\"wp-block-button\"><a class=\"wp-block-button__link wp-element-button\" href=\"https:\/\/bookreviewstudiopro.com\/en\/biografia-victoria-alina-stan\/\" target=\"_blank\" rel=\"noreferrer noopener\">Biograf\u00eda<\/a><\/div>\n<\/div>\n<\/div>\n<\/div>\n<\/div>\n<\/div>\n\n\n\n<div class=\"wp-block-columns alignwide is-layout-flex wp-container-core-columns-is-layout-08c01c1c wp-block-columns-is-layout-flex\">\n<div class=\"wp-block-column ext-animate--on is-layout-flow wp-block-column-is-layout-flow\">\n<div class=\"wp-block-group is-style-ext-preset--group--natural-1--item-card-1--align-center has-global-padding is-layout-constrained wp-block-group-is-layout-constrained is-style-ext-preset--group--natural-1--item-card-1--align-center--8\">\n<figure class=\"wp-block-gallery has-nested-images columns-default is-cropped wp-block-gallery-9 is-layout-flex wp-block-gallery-is-layout-flex\">\n<figure class=\"wp-block-image size-full is-style-default\"><img loading=\"lazy\" decoding=\"async\" width=\"500\" height=\"500\" data-id=\"566\" src=\"https:\/\/bookreviewstudiopro.com\/wp-content\/uploads\/2026\/04\/AUTORES-WEB-3.png\" alt=\"\" class=\"wp-image-566\" style=\"object-fit:cover\" srcset=\"https:\/\/bookreviewstudiopro.com\/wp-content\/uploads\/2026\/04\/AUTORES-WEB-3.png 500w, https:\/\/bookreviewstudiopro.com\/wp-content\/uploads\/2026\/04\/AUTORES-WEB-3-300x300.png 300w, https:\/\/bookreviewstudiopro.com\/wp-content\/uploads\/2026\/04\/AUTORES-WEB-3-150x150.png 150w, https:\/\/bookreviewstudiopro.com\/wp-content\/uploads\/2026\/04\/AUTORES-WEB-3-12x12.png 12w\" sizes=\"auto, (max-width: 500px) 100vw, 500px\" \/><\/figure>\n<\/figure>\n\n\n\n<div class=\"wp-block-group is-style-default has-global-padding is-layout-constrained wp-block-group-is-layout-constrained\">\n<h3 class=\"wp-block-heading has-text-align-center\">Xan Bosch de Ch\u00e1ves<\/h3>\n\n\n\n<p>\u00ab2085, Un Mundo Presente\u00bb<\/p>\n\n\n\n<div class=\"wp-block-buttons is-content-justification-center is-layout-flex wp-container-core-buttons-is-layout-a89b3969 wp-block-buttons-is-layout-flex\">\n<div class=\"wp-block-button\"><a class=\"wp-block-button__link wp-element-button\" href=\"https:\/\/bookreviewstudiopro.com\/en\/biografia-xan-bosch-de-chaves\/\" target=\"_blank\" rel=\"noreferrer noopener\">Biograf\u00eda<\/a><\/div>\n<\/div>\n<\/div>\n<\/div>\n<\/div>\n\n\n\n<div class=\"wp-block-column ext-animate--on is-layout-flow wp-block-column-is-layout-flow\">\n<div class=\"wp-block-group is-style-ext-preset--group--natural-1--item-card-1--align-center has-global-padding is-layout-constrained wp-block-group-is-layout-constrained is-style-ext-preset--group--natural-1--item-card-1--align-center--10\">\n<figure class=\"wp-block-gallery has-nested-images columns-default is-cropped wp-block-gallery-11 is-layout-flex wp-block-gallery-is-layout-flex\">\n<figure class=\"wp-block-image size-full is-style-default\"><img loading=\"lazy\" decoding=\"async\" width=\"500\" height=\"500\" data-id=\"592\" src=\"https:\/\/bookreviewstudiopro.com\/wp-content\/uploads\/2026\/04\/AUTORES-WEB-4.png\" alt=\"\" class=\"wp-image-592\" style=\"object-fit:cover\" srcset=\"https:\/\/bookreviewstudiopro.com\/wp-content\/uploads\/2026\/04\/AUTORES-WEB-4.png 500w, https:\/\/bookreviewstudiopro.com\/wp-content\/uploads\/2026\/04\/AUTORES-WEB-4-300x300.png 300w, https:\/\/bookreviewstudiopro.com\/wp-content\/uploads\/2026\/04\/AUTORES-WEB-4-150x150.png 150w, https:\/\/bookreviewstudiopro.com\/wp-content\/uploads\/2026\/04\/AUTORES-WEB-4-12x12.png 12w\" sizes=\"auto, (max-width: 500px) 100vw, 500px\" \/><\/figure>\n<\/figure>\n\n\n\n<div class=\"wp-block-group is-style-default has-global-padding is-layout-constrained wp-block-group-is-layout-constrained\">\n<h3 class=\"wp-block-heading has-text-align-center\">Juan Ferrer Amer<\/h3>\n\n\n\n<p>\u00abOlvidar el olvido\u00bb<\/p>\n\n\n\n<div class=\"wp-block-buttons is-content-justification-center is-layout-flex wp-container-core-buttons-is-layout-a89b3969 wp-block-buttons-is-layout-flex\">\n<div class=\"wp-block-button\"><a class=\"wp-block-button__link wp-element-button\" href=\"https:\/\/bookreviewstudiopro.com\/en\/biografia-juan-ferrer-amer\/\" target=\"_blank\" rel=\"noreferrer noopener\">Biograf\u00eda<\/a><\/div>\n<\/div>\n<\/div>\n<\/div>\n<\/div>\n\n\n\n<div class=\"wp-block-column ext-animate--on is-layout-flow wp-block-column-is-layout-flow\">\n<div class=\"wp-block-group is-style-ext-preset--group--natural-1--item-card-1--align-center has-global-padding is-layout-constrained wp-block-group-is-layout-constrained is-style-ext-preset--group--natural-1--item-card-1--align-center--12\">\n<figure class=\"wp-block-gallery has-nested-images columns-default is-cropped wp-block-gallery-13 is-layout-flex wp-block-gallery-is-layout-flex\">\n<figure class=\"wp-block-image size-full is-style-default\"><img loading=\"lazy\" decoding=\"async\" width=\"500\" height=\"500\" data-id=\"629\" src=\"https:\/\/bookreviewstudiopro.com\/wp-content\/uploads\/2026\/04\/AUTORES-WEB-5-3.png\" alt=\"\" class=\"wp-image-629\" style=\"object-fit:cover\"\/><\/figure>\n<\/figure>\n\n\n\n<div class=\"wp-block-group is-style-default has-global-padding is-layout-constrained wp-block-group-is-layout-constrained\">\n<h3 class=\"wp-block-heading has-text-align-center\">Paqui Caballero<\/h3>\n\n\n\n<p class=\"has-text-align-center\">\u00abEl viaje del alma. Una mirada amorosa a la vida despu\u00e9s de la muerte\u00bb<\/p>\n\n\n\n<div class=\"wp-block-buttons is-content-justification-center is-layout-flex wp-container-core-buttons-is-layout-098cc607 wp-block-buttons-is-layout-flex\">\n<div class=\"wp-block-button\"><a class=\"wp-block-button__link wp-element-button\" href=\"https:\/\/bookreviewstudiopro.com\/en\/bografia-paqui-caballero\/\" target=\"_blank\" rel=\"noreferrer noopener\">Biograf\u00eda<\/a><\/div>\n<\/div>\n<\/div>\n<\/div>\n<\/div>\n<\/div>\n<\/div>\n\n\n\n<figure class=\"wp-block-image\"><img loading=\"lazy\" decoding=\"async\" width=\"885\" height=\"500\" src=\"https:\/\/bookreviewstudiopro.com\/wp-content\/uploads\/2026\/02\/club-de-lectura.webp\" alt=\"\" class=\"wp-image-155\" srcset=\"https:\/\/bookreviewstudiopro.com\/wp-content\/uploads\/2026\/02\/club-de-lectura.webp 885w, https:\/\/bookreviewstudiopro.com\/wp-content\/uploads\/2026\/02\/club-de-lectura-300x169.webp 300w, https:\/\/bookreviewstudiopro.com\/wp-content\/uploads\/2026\/02\/club-de-lectura-768x434.webp 768w, https:\/\/bookreviewstudiopro.com\/wp-content\/uploads\/2026\/02\/club-de-lectura-18x10.webp 18w\" sizes=\"auto, (max-width: 885px) 100vw, 885px\" \/><\/figure>","protected":false},"excerpt":{"rendered":"<p>Talento, excelencia literaria y visi\u00f3n internacional En Book Review Studio PRO creemos en la literatura con identidad, profundidad y proyecci\u00f3n global. Esta secci\u00f3n est\u00e1 dedicada a nuestros autores: voces aut\u00e9nticas que construyen universos narrativos s\u00f3lidos, pensamiento cr\u00edtico y obras con impacto real en el lector contempor\u00e1neo. Nuestros escritores no solo publican libros; construyen pensamiento, crean [&hellip;]<\/p>\n","protected":false},"author":1,"featured_media":0,"parent":0,"menu_order":0,"comment_status":"closed","ping_status":"closed","template":"page-with-title","meta":{"om_disable_all_campaigns":false,"_monsterinsights_skip_tracking":false,"_monsterinsights_sitenote_active":false,"_monsterinsights_sitenote_note":"","_monsterinsights_sitenote_category":0,"_uf_show_specific_survey":0,"_uf_disable_surveys":false,"footnotes":""},"class_list":["post-26","page","type-page","status-publish","hentry"],"aioseo_notices":[],"_links":{"self":[{"href":"https:\/\/bookreviewstudiopro.com\/en\/wp-json\/wp\/v2\/pages\/26","targetHints":{"allow":["GET"]}}],"collection":[{"href":"https:\/\/bookreviewstudiopro.com\/en\/wp-json\/wp\/v2\/pages"}],"about":[{"href":"https:\/\/bookreviewstudiopro.com\/en\/wp-json\/wp\/v2\/types\/page"}],"author":[{"embeddable":true,"href":"https:\/\/bookreviewstudiopro.com\/en\/wp-json\/wp\/v2\/users\/1"}],"replies":[{"embeddable":true,"href":"https:\/\/bookreviewstudiopro.com\/en\/wp-json\/wp\/v2\/comments?post=26"}],"version-history":[{"count":40,"href":"https:\/\/bookreviewstudiopro.com\/en\/wp-json\/wp\/v2\/pages\/26\/revisions"}],"predecessor-version":[{"id":633,"href":"https:\/\/bookreviewstudiopro.com\/en\/wp-json\/wp\/v2\/pages\/26\/revisions\/633"}],"wp:attachment":[{"href":"https:\/\/bookreviewstudiopro.com\/en\/wp-json\/wp\/v2\/media?parent=26"}],"curies":[{"name":"wp","href":"https:\/\/api.w.org\/{rel}","templated":true}]}}