{"id":184,"date":"2026-03-02T17:39:03","date_gmt":"2026-03-02T17:39:03","guid":{"rendered":"https:\/\/bookreviewstudiopro.com\/?page_id=184"},"modified":"2026-04-16T09:42:28","modified_gmt":"2026-04-16T09:42:28","slug":"libros-recomendados","status":"publish","type":"page","link":"https:\/\/bookreviewstudiopro.com\/en\/libros-recomendados\/","title":{"rendered":"Libros Recomendados"},"content":{"rendered":"<div class=\"wp-block-group alignfull is-style-ext-preset--group--natural-1--section has-background-background-color has-background has-global-padding is-layout-constrained wp-container-core-group-is-layout-f72f1611 wp-block-group-is-layout-constrained\" style=\"margin-top:0;margin-bottom:0;padding-top:var(--wp--preset--spacing--70);padding-bottom:var(--wp--preset--spacing--70)\">\n<div class=\"wp-block-group alignwide ext-is-logical-start has-global-padding is-content-justification-left is-layout-constrained wp-container-core-group-is-layout-6729bdbe wp-block-group-is-layout-constrained\">\n<h2 class=\"wp-block-heading ext-animate--on\">Explora nuestro cat\u00e1logo exclusivo de libros.<\/h2>\n\n\n\n<p class=\"has-text-align-left ext-animate--on\">Aqu\u00ed encontrar\u00e1s una cuidada selecci\u00f3n de libros que reflejan la esencia \u00fanica de cada obra, con su correspondiente rese\u00f1a detallada y enlace para adquirir las obras m\u00e1s inspiradoras y profesionales.<\/p>\n<\/div>\n\n\n\n<div class=\"wp-block-columns alignwide are-vertically-aligned-top is-layout-flex wp-container-core-columns-is-layout-87beb0d0 wp-block-columns-is-layout-flex\">\n<div class=\"wp-block-column is-vertically-aligned-top ext-animate--on is-layout-flow wp-container-core-column-is-layout-f5bb311e wp-block-column-is-layout-flow\">\n<figure class=\"wp-block-gallery has-nested-images columns-default is-cropped wp-block-gallery-3 is-layout-flex wp-block-gallery-is-layout-flex\">\n<figure class=\"wp-block-image size-large is-style-ext-preset--image--natural-1--image-1--content-top is-style-ext-preset--image--natural-1--image-1--content-top--2\"><img loading=\"lazy\" decoding=\"async\" width=\"800\" height=\"800\" data-id=\"188\" src=\"https:\/\/bookreviewstudiopro.com\/wp-content\/uploads\/2026\/03\/LIBROS-PORTADAS-amy-1.png\" alt=\"\" class=\"wp-image-188\" style=\"object-fit:cover\" srcset=\"https:\/\/bookreviewstudiopro.com\/wp-content\/uploads\/2026\/03\/LIBROS-PORTADAS-amy-1.png 800w, https:\/\/bookreviewstudiopro.com\/wp-content\/uploads\/2026\/03\/LIBROS-PORTADAS-amy-1-300x300.png 300w, https:\/\/bookreviewstudiopro.com\/wp-content\/uploads\/2026\/03\/LIBROS-PORTADAS-amy-1-150x150.png 150w, https:\/\/bookreviewstudiopro.com\/wp-content\/uploads\/2026\/03\/LIBROS-PORTADAS-amy-1-768x768.png 768w, https:\/\/bookreviewstudiopro.com\/wp-content\/uploads\/2026\/03\/LIBROS-PORTADAS-amy-1-12x12.png 12w\" sizes=\"auto, (max-width: 800px) 100vw, 800px\" \/><\/figure>\n<\/figure>\n\n\n\n<div class=\"wp-block-buttons is-content-justification-center is-layout-flex wp-container-core-buttons-is-layout-a89b3969 wp-block-buttons-is-layout-flex\">\n<div class=\"wp-block-button is-style-outline is-style-outline--4\"><a class=\"wp-block-button__link has-text-align-center wp-element-button\" href=\"https:\/\/bookreviewstudiopro.com\/en\/236-2\/\" target=\"_blank\" rel=\"noreferrer noopener\">Leer rese\u00f1a<\/a><\/div>\n<\/div>\n\n\n\n<div class=\"wp-block-columns is-layout-flex wp-container-core-columns-is-layout-28f84493 wp-block-columns-is-layout-flex\">\n<div class=\"wp-block-column is-layout-flow wp-block-column-is-layout-flow\" style=\"flex-basis:100%\"><\/div>\n<\/div>\n<\/div>\n\n\n\n<div class=\"wp-block-column is-vertically-aligned-top ext-animate--on is-layout-flow wp-container-core-column-is-layout-f5bb311e wp-block-column-is-layout-flow\">\n<figure class=\"wp-block-gallery has-nested-images columns-default is-cropped wp-block-gallery-6 is-layout-flex wp-block-gallery-is-layout-flex\">\n<figure class=\"wp-block-image size-full is-style-ext-preset--image--natural-1--image-1--content-top is-style-ext-preset--image--natural-1--image-1--content-top--5\"><img loading=\"lazy\" decoding=\"async\" width=\"800\" height=\"800\" data-id=\"397\" src=\"https:\/\/bookreviewstudiopro.com\/wp-content\/uploads\/2026\/04\/new-mester-1.png\" alt=\"\" class=\"wp-image-397\" style=\"object-fit:cover\" srcset=\"https:\/\/bookreviewstudiopro.com\/wp-content\/uploads\/2026\/04\/new-mester-1.png 800w, https:\/\/bookreviewstudiopro.com\/wp-content\/uploads\/2026\/04\/new-mester-1-300x300.png 300w, https:\/\/bookreviewstudiopro.com\/wp-content\/uploads\/2026\/04\/new-mester-1-150x150.png 150w, https:\/\/bookreviewstudiopro.com\/wp-content\/uploads\/2026\/04\/new-mester-1-768x768.png 768w, https:\/\/bookreviewstudiopro.com\/wp-content\/uploads\/2026\/04\/new-mester-1-12x12.png 12w\" sizes=\"auto, (max-width: 800px) 100vw, 800px\" \/><\/figure>\n<\/figure>\n\n\n\n<div class=\"wp-block-buttons is-content-justification-center is-layout-flex wp-container-core-buttons-is-layout-a89b3969 wp-block-buttons-is-layout-flex\">\n<div class=\"wp-block-button is-style-outline is-style-outline--7\"><a class=\"wp-block-button__link has-text-align-center wp-element-button\" href=\"https:\/\/bookreviewstudiopro.com\/en\/bendito-tu-que-traes-la-noche\/\" target=\"_blank\" rel=\"noreferrer noopener\">Leer rese\u00f1a<\/a><\/div>\n<\/div>\n<\/div>\n\n\n\n<div class=\"wp-block-column is-vertically-aligned-top ext-animate--on is-layout-flow wp-container-core-column-is-layout-f5bb311e wp-block-column-is-layout-flow\">\n<figure class=\"wp-block-image size-full is-style-ext-preset--image--natural-1--image-1--content-top is-style-ext-preset--image--natural-1--image-1--content-top--8\"><img loading=\"lazy\" decoding=\"async\" width=\"800\" height=\"800\" src=\"https:\/\/bookreviewstudiopro.com\/wp-content\/uploads\/2026\/03\/portada-todo-II.png\" alt=\"\" class=\"wp-image-203\" style=\"aspect-ratio:1;object-fit:cover\" srcset=\"https:\/\/bookreviewstudiopro.com\/wp-content\/uploads\/2026\/03\/portada-todo-II.png 800w, https:\/\/bookreviewstudiopro.com\/wp-content\/uploads\/2026\/03\/portada-todo-II-300x300.png 300w, https:\/\/bookreviewstudiopro.com\/wp-content\/uploads\/2026\/03\/portada-todo-II-150x150.png 150w, https:\/\/bookreviewstudiopro.com\/wp-content\/uploads\/2026\/03\/portada-todo-II-768x768.png 768w, https:\/\/bookreviewstudiopro.com\/wp-content\/uploads\/2026\/03\/portada-todo-II-12x12.png 12w\" sizes=\"auto, (max-width: 800px) 100vw, 800px\" \/><\/figure>\n\n\n\n<div class=\"wp-block-buttons is-content-justification-center is-layout-flex wp-container-core-buttons-is-layout-a89b3969 wp-block-buttons-is-layout-flex\">\n<div class=\"wp-block-button is-style-outline is-style-outline--9\"><a class=\"wp-block-button__link has-text-align-center wp-element-button\" href=\"https:\/\/bookreviewstudiopro.com\/en\/bendito-tu-que-traes-la-noche-2\/\" target=\"_blank\" rel=\"noreferrer noopener\">Leer rese\u00f1a<\/a><\/div>\n<\/div>\n<\/div>\n\n\n\n<div class=\"wp-block-column is-vertically-aligned-top ext-animate--on is-layout-flow wp-container-core-column-is-layout-f5bb311e wp-block-column-is-layout-flow\">\n<figure class=\"wp-block-image size-full is-style-ext-preset--image--natural-1--image-1--content-top is-style-ext-preset--image--natural-1--image-1--content-top--10\"><img loading=\"lazy\" decoding=\"async\" width=\"800\" height=\"800\" src=\"https:\/\/bookreviewstudiopro.com\/wp-content\/uploads\/2026\/04\/LIBROS-WEB-PORTADAS-5.png\" alt=\"\" class=\"wp-image-446\" style=\"aspect-ratio:1;object-fit:cover\" srcset=\"https:\/\/bookreviewstudiopro.com\/wp-content\/uploads\/2026\/04\/LIBROS-WEB-PORTADAS-5.png 800w, https:\/\/bookreviewstudiopro.com\/wp-content\/uploads\/2026\/04\/LIBROS-WEB-PORTADAS-5-300x300.png 300w, https:\/\/bookreviewstudiopro.com\/wp-content\/uploads\/2026\/04\/LIBROS-WEB-PORTADAS-5-150x150.png 150w, https:\/\/bookreviewstudiopro.com\/wp-content\/uploads\/2026\/04\/LIBROS-WEB-PORTADAS-5-768x768.png 768w, https:\/\/bookreviewstudiopro.com\/wp-content\/uploads\/2026\/04\/LIBROS-WEB-PORTADAS-5-12x12.png 12w\" sizes=\"auto, (max-width: 800px) 100vw, 800px\" \/><\/figure>\n\n\n\n<div class=\"wp-block-buttons is-content-justification-center is-layout-flex wp-container-core-buttons-is-layout-a89b3969 wp-block-buttons-is-layout-flex\">\n<div class=\"wp-block-button is-style-outline is-style-outline--11\"><a class=\"wp-block-button__link wp-element-button\" href=\"https:\/\/bookreviewstudiopro.com\/en\/10-2\/\" target=\"_blank\" rel=\"noreferrer noopener\">Leer rese\u00f1a<\/a><\/div>\n<\/div>\n<\/div>\n<\/div>\n\n\n\n<div class=\"wp-block-columns alignwide are-vertically-aligned-top is-layout-flex wp-container-core-columns-is-layout-87beb0d0 wp-block-columns-is-layout-flex\">\n<div class=\"wp-block-column is-vertically-aligned-top ext-animate--on is-layout-flow wp-container-core-column-is-layout-f5bb311e wp-block-column-is-layout-flow\">\n<figure class=\"wp-block-gallery has-nested-images columns-default is-cropped wp-block-gallery-13 is-layout-flex wp-block-gallery-is-layout-flex\">\n<figure class=\"wp-block-image size-full is-style-ext-preset--image--natural-1--image-1--content-top is-style-ext-preset--image--natural-1--image-1--content-top--12\"><img loading=\"lazy\" decoding=\"async\" width=\"800\" height=\"800\" data-id=\"504\" src=\"https:\/\/bookreviewstudiopro.com\/wp-content\/uploads\/2026\/04\/2085-web.png\" alt=\"\" class=\"wp-image-504\" style=\"object-fit:cover\" srcset=\"https:\/\/bookreviewstudiopro.com\/wp-content\/uploads\/2026\/04\/2085-web.png 800w, https:\/\/bookreviewstudiopro.com\/wp-content\/uploads\/2026\/04\/2085-web-300x300.png 300w, https:\/\/bookreviewstudiopro.com\/wp-content\/uploads\/2026\/04\/2085-web-150x150.png 150w, https:\/\/bookreviewstudiopro.com\/wp-content\/uploads\/2026\/04\/2085-web-768x768.png 768w, https:\/\/bookreviewstudiopro.com\/wp-content\/uploads\/2026\/04\/2085-web-12x12.png 12w\" sizes=\"auto, (max-width: 800px) 100vw, 800px\" \/><\/figure>\n<\/figure>\n\n\n\n<div class=\"wp-block-buttons is-content-justification-center is-layout-flex wp-container-core-buttons-is-layout-a89b3969 wp-block-buttons-is-layout-flex\">\n<div class=\"wp-block-button is-style-outline is-style-outline--14\"><a class=\"wp-block-button__link has-text-align-center wp-element-button\" href=\"https:\/\/bookreviewstudiopro.com\/en\/2085-un-mundo-presente\/\" target=\"_blank\" rel=\"noreferrer noopener\">Leer rese\u00f1a<\/a><\/div>\n<\/div>\n\n\n\n<div class=\"wp-block-columns is-layout-flex wp-container-core-columns-is-layout-28f84493 wp-block-columns-is-layout-flex\">\n<div class=\"wp-block-column is-layout-flow wp-block-column-is-layout-flow\"><\/div>\n\n\n\n<div class=\"wp-block-column is-layout-flow wp-block-column-is-layout-flow\"><\/div>\n<\/div>\n<\/div>\n\n\n\n<div class=\"wp-block-column is-vertically-aligned-top ext-animate--on is-layout-flow wp-container-core-column-is-layout-f5bb311e wp-block-column-is-layout-flow\">\n<figure class=\"wp-block-gallery has-nested-images columns-default is-cropped wp-block-gallery-16 is-layout-flex wp-block-gallery-is-layout-flex\">\n<figure class=\"wp-block-image size-full is-style-ext-preset--image--natural-1--image-1--content-top is-style-ext-preset--image--natural-1--image-1--content-top--15\"><img loading=\"lazy\" decoding=\"async\" width=\"800\" height=\"800\" data-id=\"595\" src=\"https:\/\/bookreviewstudiopro.com\/wp-content\/uploads\/2026\/04\/LIBROS-WEB-PORTADAS-1-1.png\" alt=\"\" class=\"wp-image-595\" style=\"object-fit:cover\" srcset=\"https:\/\/bookreviewstudiopro.com\/wp-content\/uploads\/2026\/04\/LIBROS-WEB-PORTADAS-1-1.png 800w, https:\/\/bookreviewstudiopro.com\/wp-content\/uploads\/2026\/04\/LIBROS-WEB-PORTADAS-1-1-300x300.png 300w, https:\/\/bookreviewstudiopro.com\/wp-content\/uploads\/2026\/04\/LIBROS-WEB-PORTADAS-1-1-150x150.png 150w, https:\/\/bookreviewstudiopro.com\/wp-content\/uploads\/2026\/04\/LIBROS-WEB-PORTADAS-1-1-768x768.png 768w, https:\/\/bookreviewstudiopro.com\/wp-content\/uploads\/2026\/04\/LIBROS-WEB-PORTADAS-1-1-12x12.png 12w\" sizes=\"auto, (max-width: 800px) 100vw, 800px\" \/><\/figure>\n<\/figure>\n\n\n\n<div class=\"wp-block-buttons is-content-justification-center is-layout-flex wp-container-core-buttons-is-layout-a89b3969 wp-block-buttons-is-layout-flex\">\n<div class=\"wp-block-button is-style-outline is-style-outline--17\"><a class=\"wp-block-button__link wp-element-button\" href=\"https:\/\/bookreviewstudiopro.com\/en\/olvidar-el-olvido-juan-ferrer\/\" target=\"_blank\" rel=\"noreferrer noopener\">Leer rese\u00f1a<\/a><\/div>\n<\/div>\n<\/div>\n\n\n\n<div class=\"wp-block-column is-vertically-aligned-top ext-animate--on is-layout-flow wp-container-core-column-is-layout-f5bb311e wp-block-column-is-layout-flow\">\n<figure class=\"wp-block-image size-full is-style-ext-preset--image--natural-1--image-1--content-top is-style-ext-preset--image--natural-1--image-1--content-top--18\"><img loading=\"lazy\" decoding=\"async\" width=\"800\" height=\"800\" src=\"https:\/\/bookreviewstudiopro.com\/wp-content\/uploads\/2026\/04\/LIBROS-WEB-PORTADAS-2-5.png\" alt=\"\" class=\"wp-image-625\" style=\"aspect-ratio:1;object-fit:cover\" srcset=\"https:\/\/bookreviewstudiopro.com\/wp-content\/uploads\/2026\/04\/LIBROS-WEB-PORTADAS-2-5.png 800w, https:\/\/bookreviewstudiopro.com\/wp-content\/uploads\/2026\/04\/LIBROS-WEB-PORTADAS-2-5-300x300.png 300w, https:\/\/bookreviewstudiopro.com\/wp-content\/uploads\/2026\/04\/LIBROS-WEB-PORTADAS-2-5-150x150.png 150w, https:\/\/bookreviewstudiopro.com\/wp-content\/uploads\/2026\/04\/LIBROS-WEB-PORTADAS-2-5-768x768.png 768w, https:\/\/bookreviewstudiopro.com\/wp-content\/uploads\/2026\/04\/LIBROS-WEB-PORTADAS-2-5-12x12.png 12w\" sizes=\"auto, (max-width: 800px) 100vw, 800px\" \/><\/figure>\n\n\n\n<div class=\"wp-block-buttons is-content-justification-center is-layout-flex wp-container-core-buttons-is-layout-a89b3969 wp-block-buttons-is-layout-flex\">\n<div class=\"wp-block-button is-style-outline is-style-outline--19\"><a class=\"wp-block-button__link has-text-align-center wp-element-button\" href=\"https:\/\/bookreviewstudiopro.com\/en\/el-viaje-del-alma-una-mirada-amorosa-a-la-vida-despues-de-la-muerte\/\" target=\"_blank\" rel=\"noreferrer noopener\">Leer rese\u00f1a<\/a><\/div>\n<\/div>\n<\/div>\n\n\n\n<div class=\"wp-block-column is-vertically-aligned-top ext-animate--on is-layout-flow wp-container-core-column-is-layout-f5bb311e wp-block-column-is-layout-flow\">\n<figure class=\"wp-block-image size-full is-style-ext-preset--image--natural-1--image-1--content-top is-style-ext-preset--image--natural-1--image-1--content-top--20\"><img loading=\"lazy\" decoding=\"async\" width=\"800\" height=\"800\" src=\"https:\/\/bookreviewstudiopro.com\/wp-content\/uploads\/2026\/03\/LIBROS-PORTADAS-1.png\" alt=\"\" class=\"wp-image-224\" style=\"aspect-ratio:1;object-fit:cover\" srcset=\"https:\/\/bookreviewstudiopro.com\/wp-content\/uploads\/2026\/03\/LIBROS-PORTADAS-1.png 800w, https:\/\/bookreviewstudiopro.com\/wp-content\/uploads\/2026\/03\/LIBROS-PORTADAS-1-300x300.png 300w, https:\/\/bookreviewstudiopro.com\/wp-content\/uploads\/2026\/03\/LIBROS-PORTADAS-1-150x150.png 150w, https:\/\/bookreviewstudiopro.com\/wp-content\/uploads\/2026\/03\/LIBROS-PORTADAS-1-768x768.png 768w, https:\/\/bookreviewstudiopro.com\/wp-content\/uploads\/2026\/03\/LIBROS-PORTADAS-1-12x12.png 12w\" sizes=\"auto, (max-width: 800px) 100vw, 800px\" \/><\/figure>\n\n\n\n<div class=\"wp-block-buttons is-content-justification-center is-layout-flex wp-container-core-buttons-is-layout-a89b3969 wp-block-buttons-is-layout-flex\">\n<div class=\"wp-block-button is-style-outline is-style-outline--21\"><a class=\"wp-block-button__link wp-element-button\">Pr\u00f3ximamente<\/a><\/div>\n<\/div>\n<\/div>\n<\/div>\n<\/div>\n\n\n\n<div class=\"wp-block-group alignfull is-style-ext-preset--group--natural-1--section has-background-background-color has-background has-global-padding is-layout-constrained wp-container-core-group-is-layout-e955bbaf wp-block-group-is-layout-constrained\" style=\"margin-top:0;margin-bottom:0;padding-top:var(--wp--preset--spacing--70);padding-bottom:var(--wp--preset--spacing--70)\">\n<div class=\"wp-block-group alignwide ext-is-logical-start has-global-padding is-content-justification-left is-layout-constrained wp-container-core-group-is-layout-6729bdbe wp-block-group-is-layout-constrained\">\n<h2 class=\"wp-block-heading ext-animate--on\">Publica tu libro aqu\u00ed.<\/h2>\n\n\n\n<p class=\"ext-animate--on\">Aqu\u00ed encontrar\u00e1s una selecci\u00f3n exclusiva de libros con su rese\u00f1a PRO que refleja la profundidad y calidad de cada t\u00edtulo.<\/p>\n\n\n\n<p>Si quieres ver tu libro publicado aqu\u00ed no dudes en contactar con nosotros.<\/p>\n\n\n\n<p class=\"ext-animate--on\">Escr\u00edbenos : dpto_comercial@bookreviewstudiopro.com<\/p>\n<\/div>\n\n\n\n<div class=\"wp-block-columns alignwide is-layout-flex wp-container-core-columns-is-layout-08c01c1c wp-block-columns-is-layout-flex\">\n<div class=\"wp-block-column is-vertically-aligned-stretch ext-animate--on is-layout-flow wp-container-core-column-is-layout-f5bb311e wp-block-column-is-layout-flow\">\n<div class=\"wp-block-group is-style-ext-preset--group--natural-1--item-card-1--align-start has-global-padding is-layout-constrained wp-block-group-is-layout-constrained is-style-ext-preset--group--natural-1--item-card-1--align-start--23\">\n<div class=\"wp-block-group is-style-default has-global-padding is-layout-constrained wp-block-group-is-layout-constrained\">\n<figure class=\"wp-block-image size-large ext-aspect-landscape wp-duotone-primary-foreground\"><img decoding=\"async\" src=\"data:image\/svg+xml;base64,PHN2ZyB4bWxucz0iaHR0cDovL3d3dy53My5vcmcvMjAwMC9zdmciIHdpZHRoPSI0OCIgaGVpZ2h0PSI0OCIgZmlsbD0iIzAwMDAwMCIgdmlld0JveD0iMCAwIDI1NiAyNTYiPjxwYXRoIGQ9Ik0xNzIsNzZhNDQsNDQsMCwxLDAtNDQsNDRBNDQuMDUsNDQuMDUsMCwwLDAsMTcyLDc2Wm0tNDQsMjhhMjgsMjgsMCwxLDEsMjgtMjhBMjgsMjgsMCwwLDEsMTI4LDEwNFptNjAsMjRhNDQsNDQsMCwxLDAsNDQsNDRBNDQuMDUsNDQuMDUsMCwwLDAsMTg4LDEyOFptMCw3MmEyOCwyOCwwLDEsMSwyOC0yOEEyOCwyOCwwLDAsMSwxODgsMjAwWk02OCwxMjhhNDQsNDQsMCwxLDAsNDQsNDRBNDQuMDUsNDQuMDUsMCwwLDAsNjgsMTI4Wm0wLDcyYTI4LDI4LDAsMSwxLDI4LTI4QTI4LDI4LDAsMCwxLDY4LDIwMFoiPjwvcGF0aD48L3N2Zz4=\" alt=\"\" style=\"object-fit:cover\"\/><\/figure>\n\n\n\n<h3 class=\"wp-block-heading\">Colecci\u00f3n Destacada<\/h3>\n\n\n\n<p>Sum\u00e9rgete en t\u00edtulos seleccionados que enriquecen la pasi\u00f3n por la lectura.<\/p>\n<\/div>\n<\/div>\n<\/div>\n\n\n\n<div class=\"wp-block-column is-vertically-aligned-stretch ext-animate--on is-layout-flow wp-container-core-column-is-layout-f5bb311e wp-block-column-is-layout-flow\">\n<div class=\"wp-block-group is-style-ext-preset--group--natural-1--item-card-1--align-start has-global-padding is-layout-constrained wp-block-group-is-layout-constrained is-style-ext-preset--group--natural-1--item-card-1--align-start--24\">\n<div class=\"wp-block-group is-style-default has-global-padding is-layout-constrained wp-block-group-is-layout-constrained\">\n<figure class=\"wp-block-image size-large ext-aspect-landscape wp-duotone-primary-foreground\"><img decoding=\"async\" src=\"data:image\/svg+xml;base64,PHN2ZyB4bWxucz0iaHR0cDovL3d3dy53My5vcmcvMjAwMC9zdmciIHdpZHRoPSI0OCIgaGVpZ2h0PSI0OCIgZmlsbD0iIzAwMDAwMCIgdmlld0JveD0iMCAwIDI1NiAyNTYiPjxwYXRoIGQ9Ik04MCw0MGE0MCw0MCwwLDEsMCw0MCw0MEE0MCw0MCwwLDAsMCw4MCw0MFptMCw2NGEyNCwyNCwwLDEsMSwyNC0yNEEyNCwyNCwwLDAsMSw4MCwxMDRabTk2LDE2YTQwLDQwLDAsMSwwLTQwLTQwQTQwLDQwLDAsMCwwLDE3NiwxMjBabTAtNjRhMjQsMjQsMCwxLDEtMjQsMjRBMjQsMjQsMCwwLDEsMTc2LDU2Wk04MCwxMzZhNDAsNDAsMCwxLDAsNDAsNDBBNDAsNDAsMCwwLDAsODAsMTM2Wm0wLDY0YTI0LDI0LDAsMSwxLDI0LTI0QTI0LDI0LDAsMCwxLDgwLDIwMFptOTYtNjRhNDAsNDAsMCwxLDAsNDAsNDBBNDAsNDAsMCwwLDAsMTc2LDEzNlptMCw2NGEyNCwyNCwwLDEsMSwyNC0yNEEyNCwyNCwwLDAsMSwxNzYsMjAwWiI+PC9wYXRoPjwvc3ZnPg==\" alt=\"\" style=\"object-fit:cover\"\/><\/figure>\n\n\n\n<h3 class=\"wp-block-heading\">Rese\u00f1as Expertas<\/h3>\n\n\n\n<p>Leemos tu obra con atenci\u00f3n y criterio profesional, ofreciendo una rese\u00f1a honesta, clara y constructiva. Analizamos sus puntos fuertes y su esencia para ayudarte a dar valor a tu libro.<\/p>\n<\/div>\n<\/div>\n<\/div>\n\n\n\n<div class=\"wp-block-column is-vertically-aligned-stretch ext-animate--on is-layout-flow wp-container-core-column-is-layout-f5bb311e wp-block-column-is-layout-flow\">\n<div class=\"wp-block-group is-style-ext-preset--group--natural-1--item-card-1--align-start has-global-padding is-layout-constrained wp-block-group-is-layout-constrained is-style-ext-preset--group--natural-1--item-card-1--align-start--25\">\n<div class=\"wp-block-group is-style-default has-global-padding is-layout-constrained wp-block-group-is-layout-constrained\">\n<figure class=\"wp-block-image size-large ext-aspect-landscape wp-duotone-primary-foreground\"><img decoding=\"async\" src=\"data:image\/svg+xml;base64,PHN2ZyB4bWxucz0iaHR0cDovL3d3dy53My5vcmcvMjAwMC9zdmciIHdpZHRoPSI0OCIgaGVpZ2h0PSI0OCIgZmlsbD0iIzAwMDAwMCIgdmlld0JveD0iMCAwIDI1NiAyNTYiPjxwYXRoIGQ9Ik04MCw0MGE0MCw0MCwwLDEsMCw0MCw0MEE0MCw0MCwwLDAsMCw4MCw0MFptMCw2NGEyNCwyNCwwLDEsMSwyNC0yNEEyNCwyNCwwLDAsMSw4MCwxMDRabTk2LDE2YTQwLDQwLDAsMSwwLTQwLTQwQTQwLDQwLDAsMCwwLDE3NiwxMjBabTAtNjRhMjQsMjQsMCwxLDEtMjQsMjRBMjQsMjQsMCwwLDEsMTc2LDU2Wk04MCwxMzZhNDAsNDAsMCwxLDAsNDAsNDBBNDAsNDAsMCwwLDAsODAsMTM2Wm0wLDY0YTI0LDI0LDAsMSwxLDI0LTI0QTI0LDI0LDAsMCwxLDgwLDIwMFptMTM2LTI0YTgsOCwwLDAsMS04LDhIMTg0djI0YTgsOCwwLDAsMS0xNiwwVjE4NEgxNDRhOCw4LDAsMCwxLDAtMTZoMjRWMTQ0YTgsOCwwLDAsMSwxNiwwdjI0aDI0QTgsOCwwLDAsMSwyMTYsMTc2WiI+PC9wYXRoPjwvc3ZnPg==\" alt=\"\" style=\"object-fit:cover\"\/><\/figure>\n\n\n\n<h3 class=\"wp-block-heading\">Difusi\u00f3n<\/h3>\n\n\n\n<p>Damos visibilidad a tu libro en nuestra web y redes sociales, acerc\u00e1ndolo a nuevos lectores de forma clara y profesional. Cuidamos tu obra y la presentamos con respeto, honestidad y compromiso.<\/p>\n\n\n\n<p>Porque cada autor merece ser le\u00eddo.<\/p>\n<\/div>\n<\/div>\n<\/div>\n<\/div>\n<\/div>\n\n\n\n<div class=\"wp-block-group alignfull is-style-ext-preset--group--natural-1--section has-tertiary-background-color has-background has-global-padding is-layout-constrained wp-block-group-is-layout-constrained\" style=\"margin-top:0;margin-bottom:0;padding-top:var(--wp--preset--spacing--70);padding-bottom:var(--wp--preset--spacing--70)\">\n<div class=\"wp-block-columns alignwide is-layout-flex wp-container-core-columns-is-layout-174606dc wp-block-columns-is-layout-flex\">\n<div class=\"wp-block-column is-vertically-aligned-top ext-animate--on is-layout-flow wp-block-column-is-layout-flow\">\n<h2 class=\"wp-block-heading ext-animate--off\">Descubre tu pr\u00f3xima lectura imprescindible ahora.<\/h2>\n<\/div>\n\n\n\n<div class=\"wp-block-column is-layout-flow wp-block-column-is-layout-flow\">\n<p class=\"ext-animate--on\">Invitamos a los lectores a descubrir rese\u00f1as exclusivas y acceder f\u00e1cilmente a la compra de libros, disfrutando de una experiencia enriquecedora y sencilla.<\/p>\n<\/div>\n<\/div>\n<\/div>","protected":false},"excerpt":{"rendered":"<p>Explora nuestro cat\u00e1logo exclusivo de libros. Aqu\u00ed encontrar\u00e1s una cuidada selecci\u00f3n de libros que reflejan la esencia \u00fanica de cada obra, con su correspondiente rese\u00f1a detallada y enlace para adquirir las obras m\u00e1s inspiradoras y profesionales. Publica tu libro aqu\u00ed. Aqu\u00ed encontrar\u00e1s una selecci\u00f3n exclusiva de libros con su rese\u00f1a PRO que refleja la profundidad [&hellip;]<\/p>\n","protected":false},"author":1,"featured_media":0,"parent":0,"menu_order":0,"comment_status":"closed","ping_status":"closed","template":"page-with-title","meta":{"om_disable_all_campaigns":false,"_monsterinsights_skip_tracking":false,"_monsterinsights_sitenote_active":false,"_monsterinsights_sitenote_note":"","_monsterinsights_sitenote_category":0,"_uf_show_specific_survey":0,"_uf_disable_surveys":false,"footnotes":""},"class_list":["post-184","page","type-page","status-publish","hentry"],"aioseo_notices":[],"_links":{"self":[{"href":"https:\/\/bookreviewstudiopro.com\/en\/wp-json\/wp\/v2\/pages\/184","targetHints":{"allow":["GET"]}}],"collection":[{"href":"https:\/\/bookreviewstudiopro.com\/en\/wp-json\/wp\/v2\/pages"}],"about":[{"href":"https:\/\/bookreviewstudiopro.com\/en\/wp-json\/wp\/v2\/types\/page"}],"author":[{"embeddable":true,"href":"https:\/\/bookreviewstudiopro.com\/en\/wp-json\/wp\/v2\/users\/1"}],"replies":[{"embeddable":true,"href":"https:\/\/bookreviewstudiopro.com\/en\/wp-json\/wp\/v2\/comments?post=184"}],"version-history":[{"count":31,"href":"https:\/\/bookreviewstudiopro.com\/en\/wp-json\/wp\/v2\/pages\/184\/revisions"}],"predecessor-version":[{"id":626,"href":"https:\/\/bookreviewstudiopro.com\/en\/wp-json\/wp\/v2\/pages\/184\/revisions\/626"}],"wp:attachment":[{"href":"https:\/\/bookreviewstudiopro.com\/en\/wp-json\/wp\/v2\/media?parent=184"}],"curies":[{"name":"wp","href":"https:\/\/api.w.org\/{rel}","templated":true}]}}